{"id":532,"date":"2023-04-27T16:11:19","date_gmt":"2023-04-27T14:11:19","guid":{"rendered":"https:\/\/gites-fialoux-en-vercors.fr\/?page_id=532"},"modified":"2023-05-08T09:00:37","modified_gmt":"2023-05-08T07:00:37","slug":"le-pays-diois","status":"publish","type":"page","link":"https:\/\/gites-fialoux-en-vercors.fr\/index.php\/le-pays-diois\/","title":{"rendered":"Le Pays Diois"},"content":{"rendered":"<p>[et_pb_section fb_built=\u00a0\u00bb1&Prime; _builder_version=\u00a0\u00bb4.20.2&Prime; _module_preset=\u00a0\u00bbdefault\u00a0\u00bb custom_margin=\u00a0\u00bb0px||0px||false|false\u00a0\u00bb custom_padding=\u00a0\u00bb0px||0px||false|false\u00a0\u00bb global_colors_info=\u00a0\u00bb{}\u00a0\u00bb][et_pb_row _builder_version=\u00a0\u00bb4.20.2&Prime; _module_preset=\u00a0\u00bbdefault\u00a0\u00bb global_colors_info=\u00a0\u00bb{}\u00a0\u00bb][et_pb_column type=\u00a0\u00bb4_4&Prime; _builder_version=\u00a0\u00bb4.20.2&Prime; _module_preset=\u00a0\u00bbdefault\u00a0\u00bb global_colors_info=\u00a0\u00bb{}\u00a0\u00bb][et_pb_text _builder_version=\u00a0\u00bb4.20.2&Prime; _module_preset=\u00a0\u00bbdefault\u00a0\u00bb header_font=\u00a0\u00bb|600|||||||\u00a0\u00bb header_text_color=\u00a0\u00bb#9683EC\u00a0\u00bb header_2_font=\u00a0\u00bb|600|||||||\u00a0\u00bb header_2_text_color=\u00a0\u00bb#577590&Prime; header_2_font_size=\u00a0\u00bb20px\u00a0\u00bb global_colors_info=\u00a0\u00bb{}\u00a0\u00bb]<\/p>\n<h1 style=\"text-align: center;\">Hameau \u00ab\u00a0Le Moulin\u00a0\u00bb \u00e0 Romeyer, au c\u0153ur du pays Diois<\/h1>\n<p>[\/et_pb_text][\/et_pb_column][\/et_pb_row][et_pb_row column_structure=\u00a0\u00bb1_2,1_2&Prime; use_custom_gutter=\u00a0\u00bbon\u00a0\u00bb gutter_width=\u00a0\u00bb2&Prime; _builder_version=\u00a0\u00bb4.20.2&Prime; _module_preset=\u00a0\u00bbdefault\u00a0\u00bb width=\u00a0\u00bb95%\u00a0\u00bb max_width=\u00a0\u00bb2560px\u00a0\u00bb custom_padding=\u00a0\u00bb0px||||false|false\u00a0\u00bb global_colors_info=\u00a0\u00bb{}\u00a0\u00bb][et_pb_column type=\u00a0\u00bb1_2&Prime; _builder_version=\u00a0\u00bb4.20.2&Prime; _module_preset=\u00a0\u00bbdefault\u00a0\u00bb global_colors_info=\u00a0\u00bb{}\u00a0\u00bb][et_pb_text ul_type=\u00a0\u00bbsquare\u00a0\u00bb ul_position=\u00a0\u00bbinside\u00a0\u00bb ul_item_indent=\u00a0\u00bb20px\u00a0\u00bb _builder_version=\u00a0\u00bb4.20.2&Prime; _module_preset=\u00a0\u00bbdefault\u00a0\u00bb ul_font=\u00a0\u00bb||||||||\u00a0\u00bb header_2_font=\u00a0\u00bb|600|||||||\u00a0\u00bb header_2_text_color=\u00a0\u00bb#9683EC\u00a0\u00bb custom_padding=\u00a0\u00bb20px||||false|false\u00a0\u00bb global_colors_info=\u00a0\u00bb{}\u00a0\u00bb]<\/p>\n<p style=\"text-align: justify;\">L\u2019histoire de ce pays r\u00e9sistant, coutumier du contre-pouvoir et de r\u00e9sistance communiste est inscrit dans cet environnement. A la fois rude et apaisant, d\u00e9j\u00e0 Baronnies, encore Hautes Alpes et toujours Vercors, le Diois est charg\u00e9 d\u2019histoire et de caract\u00e8re.<\/p>\n<p style=\"text-align: justify;\">Au c\u0153ur du Diois, le petit village de Romeyer, 300 habitants, est situ\u00e9 \u00e0 5 km de Die. Adresse encore pr\u00e9serv\u00e9e du Val de Dr\u00f4me et des Pr\u00e9alpes moyennes, Romeyer et son hameau Le Moulin, profitent d\u2019un paysage exceptionnel face au massif du Glandasse (2041m). En toutes saisons, le Diois offre un paysage nouveau et de multiples activit\u00e9s adapt\u00e9es \u00e0 tous les \u00e2ges.<\/p>\n<p>[\/et_pb_text][et_pb_text ul_type=\u00a0\u00bbsquare\u00a0\u00bb ul_position=\u00a0\u00bbinside\u00a0\u00bb ul_item_indent=\u00a0\u00bb20px\u00a0\u00bb _builder_version=\u00a0\u00bb4.20.2&Prime; _module_preset=\u00a0\u00bbdefault\u00a0\u00bb ul_font=\u00a0\u00bb||||||||\u00a0\u00bb header_2_font=\u00a0\u00bb|600|||||||\u00a0\u00bb header_2_text_color=\u00a0\u00bb#9683EC\u00a0\u00bb global_colors_info=\u00a0\u00bb{}\u00a0\u00bb]<\/p>\n<h2>Artisanat et production bio<\/h2>\n<p style=\"text-align: justify;\">A l\u2019heure de l\u2019agriculture industrielle, cette r\u00e9gion de n\u00e9o-ruraux garde l\u2019\u00e9cologie en point de mire. L\u2019activit\u00e9 lavandi\u00e8re du d\u00e9but de l\u2019\u00e9t\u00e9 est une des particularit\u00e9s de ce pays de plantes et de distillation aromatiques. Un projet de bio-vall\u00e9e est en cours et les produits propos\u00e9s sont cultiv\u00e9s dans le respect de la nature. March\u00e9s, petits producteurs, \u00e9leveurs raisonnables, tous sont ouverts \u00e0 la rencontre.<\/p>\n<p style=\"text-align: justify;\">Adresse terroir, la gastronomie du Diois met en valeur toutes ces sp\u00e9cialit\u00e9s locales : picodons, ravioles, agneau, Clairette de Die, miel. Une autre fa\u00e7on de d\u00e9guster la r\u00e9gion&#8230; par les papilles aussi !<\/p>\n<p>&nbsp;<\/p>\n<p>[\/et_pb_text][\/et_pb_column][et_pb_column type=\u00a0\u00bb1_2&Prime; _builder_version=\u00a0\u00bb4.20.2&Prime; _module_preset=\u00a0\u00bbdefault\u00a0\u00bb global_colors_info=\u00a0\u00bb{}\u00a0\u00bb][et_pb_image src=\u00a0\u00bbhttps:\/\/gites-fialoux-en-vercors.fr\/wp-content\/uploads\/2023\/04\/Chalets-et-hameau-Le-Moulin-Romeyer.jpg\u00a0\u00bb title_text=\u00a0\u00bbhameau Le Moulin Romeyer\u00a0\u00bb align=\u00a0\u00bbcenter\u00a0\u00bb _builder_version=\u00a0\u00bb4.20.2&Prime; _module_preset=\u00a0\u00bbdefault\u00a0\u00bb max_width=\u00a0\u00bb80%\u00a0\u00bb global_colors_info=\u00a0\u00bb{}\u00a0\u00bb][\/et_pb_image][\/et_pb_column][\/et_pb_row][et_pb_row column_structure=\u00a0\u00bb1_2,1_2&Prime; use_custom_gutter=\u00a0\u00bbon\u00a0\u00bb gutter_width=\u00a0\u00bb2&Prime; _builder_version=\u00a0\u00bb4.20.2&Prime; _module_preset=\u00a0\u00bbdefault\u00a0\u00bb width=\u00a0\u00bb95%\u00a0\u00bb max_width=\u00a0\u00bb2560px\u00a0\u00bb custom_padding=\u00a0\u00bb0px||||false|false\u00a0\u00bb global_colors_info=\u00a0\u00bb{}\u00a0\u00bb][et_pb_column type=\u00a0\u00bb1_2&Prime; _builder_version=\u00a0\u00bb4.20.2&Prime; _module_preset=\u00a0\u00bbdefault\u00a0\u00bb global_colors_info=\u00a0\u00bb{}\u00a0\u00bb][et_pb_code _builder_version=\u00a0\u00bb4.20.2&Prime; _module_preset=\u00a0\u00bbdefault\u00a0\u00bb text_orientation=\u00a0\u00bbcenter\u00a0\u00bb max_width=\u00a0\u00bb85%\u00a0\u00bb custom_padding=\u00a0\u00bb|||5%|false|false\u00a0\u00bb global_colors_info=\u00a0\u00bb{}\u00a0\u00bb]<div id=\"metaslider-id-556\" style=\"max-width: 900px; margin: 0 auto;\" class=\"ml-slider-3-29-1 ml-slider-pro-2-6-6 metaslider metaslider-flex metaslider-556 ml-slider ml-slider-lightbox-1-12-0 easy-fancybox-1-9-5 ms-theme-radix\">\n    <div id=\"metaslider_container_556\">\n        <div id=\"metaslider_556\">\n            <ul aria-live=\"polite\" class=\"slides\">\n                <li data-thumb=\"https:\/\/gites-fialoux-en-vercors.fr\/wp-content\/uploads\/2023\/04\/Glandasse-Source-Rays-80x56.jpg\" style=\"display: block; width: 100%;\" class=\"slide-570 ms-image\"><a href=\"https:\/\/gites-fialoux-en-vercors.fr\/wp-content\/uploads\/2023\/04\/Glandasse-Source-Rays.jpg\" target=\"_self\" rel=\"lightbox[556]\"><img loading=\"lazy\" decoding=\"async\" src=\"https:\/\/gites-fialoux-en-vercors.fr\/wp-content\/uploads\/2023\/04\/Glandasse-Source-Rays-900x580.jpg\" height=\"580\" width=\"900\" alt=\"\" class=\"slider-556 slide-570\" title=\"Glandasse Source Rays\" \/><\/a><\/li>\n                <li data-thumb=\"https:\/\/gites-fialoux-en-vercors.fr\/wp-content\/uploads\/2023\/04\/couple-marmotte-80x56.jpg\" style=\"display: none; width: 100%;\" class=\"slide-571 ms-image\"><a href=\"https:\/\/gites-fialoux-en-vercors.fr\/wp-content\/uploads\/2023\/04\/couple-marmotte.jpg\" target=\"_self\" rel=\"lightbox[556]\"><img loading=\"lazy\" decoding=\"async\" src=\"https:\/\/gites-fialoux-en-vercors.fr\/wp-content\/uploads\/2023\/04\/couple-marmotte-900x580.jpg\" height=\"580\" width=\"900\" alt=\"\" class=\"slider-556 slide-571\" title=\"Couple de Marmotte\" \/><\/a><\/li>\n                <li data-thumb=\"https:\/\/gites-fialoux-en-vercors.fr\/wp-content\/uploads\/2023\/04\/Source-Rays-80x56.jpg\" style=\"display: none; width: 100%;\" class=\"slide-568 ms-image\"><a href=\"https:\/\/gites-fialoux-en-vercors.fr\/wp-content\/uploads\/2023\/04\/Source-Rays.jpg\" target=\"_self\" rel=\"lightbox[556]\"><img loading=\"lazy\" decoding=\"async\" src=\"https:\/\/gites-fialoux-en-vercors.fr\/wp-content\/uploads\/2023\/04\/Source-Rays-900x580.jpg\" height=\"580\" width=\"900\" alt=\"\" class=\"slider-556 slide-568\" title=\"Source Rays\" \/><\/a><\/li>\n                <li data-thumb=\"https:\/\/gites-fialoux-en-vercors.fr\/wp-content\/uploads\/2023\/04\/Jeune-bouquetin-du-Vercors-80x56.jpg\" style=\"display: none; width: 100%;\" class=\"slide-569 ms-image\"><a href=\"https:\/\/gites-fialoux-en-vercors.fr\/wp-content\/uploads\/2023\/04\/Jeune-bouquetin-du-Vercors.jpg\" target=\"_self\" rel=\"lightbox[556]\"><img loading=\"lazy\" decoding=\"async\" src=\"https:\/\/gites-fialoux-en-vercors.fr\/wp-content\/uploads\/2023\/04\/Jeune-bouquetin-du-Vercors-900x580.jpg\" height=\"580\" width=\"900\" alt=\"\" class=\"slider-556 slide-569\" title=\"Jeune-bouquetin du Vercors\" \/><\/a><\/li>\n            <\/ul>\n        <\/div>\n        \n    <\/div>\n<\/div>[\/et_pb_code][\/et_pb_column][et_pb_column type=\u00a0\u00bb1_2&Prime; _builder_version=\u00a0\u00bb4.20.2&Prime; _module_preset=\u00a0\u00bbdefault\u00a0\u00bb global_colors_info=\u00a0\u00bb{}\u00a0\u00bb][et_pb_text _builder_version=\u00a0\u00bb4.20.2&Prime; _module_preset=\u00a0\u00bbdefault\u00a0\u00bb header_2_font=\u00a0\u00bb|600|||||||\u00a0\u00bb header_2_text_color=\u00a0\u00bb#9683EC\u00a0\u00bb global_colors_info=\u00a0\u00bb{}\u00a0\u00bb]<\/p>\n<h2>Activit\u00e9s dans le Diois au d\u00e9part des g\u00eetes et chalets<\/h2>\n<p style=\"text-align: justify;\">Le Diois poss\u00e8de un univers min\u00e9ral unique. Dans cette r\u00e9gion de lacs souterrains, de r\u00e9serves (celle du Vercors pr\u00e9sente 17 000 ha de biodiversit\u00e9) et de chemins escarp\u00e9s vivent encore marmottes, bouquetins, loups et vautours. La randonn\u00e9e est fabuleuse. A proximit\u00e9 des g\u00eetes Fialoux, plusieurs chemins de grande randonn\u00e9e s\u2019offrent aux promeneurs (GR95 et GR91). Les balades pour le massif du Glandasse et des excursions de tous niveaux sont \u00e0 port\u00e9e de sac \u00e0 dos. Les marcheurs amateurs rejoindront ainsi en 2 petites heures l&rsquo;Abbaye de Valcroissant, un b\u00e2timent cistercien du 12\u00e8 s. Les sources de Rays ne sont elles qu\u2019\u00e0 1h30 de l\u00e0. Et les plus aguerris, pourront aussi tenter pour la journ\u00e9e le balcon du Glandasse.<\/p>\n<p style=\"text-align: justify;\">A quelques m\u00e8tres des g\u00eetes, la Rays abrite encore une r\u00e9serve de truites. La p\u00eache vient alors compl\u00e9ter de jolis pique-niques. A l\u2019automne s\u2019ouvre la chasse au sanglier, cerf et biche. En hiver, les activit\u00e9s neige ne manquent pas, avec des possibilit\u00e9s de raquettes et de ski. Tandis qu\u2019aux beaux jours jusqu\u2019\u00e0 l\u2019arri\u00e8re-saison, la r\u00e9gion se pr\u00eate \u00e0 tous les sports de plein air : v\u00e9lo, VTT, canyoning, escalade, parapente ou planeur&#8230;<\/p>\n<p style=\"text-align: justify;\">Les enfants gardent ici le souvenir de belles vacances. Beaucoup de promenades sont faciles d\u2019acc\u00e8s et adapt\u00e9es aux petites jambes. En hiver, activit\u00e9 bonhommes de neige devant les chalets ou journ\u00e9e ski aux stations voisines de Valdr\u00f4me ou Col de Rousset. En \u00e9t\u00e9, apr\u00e8s l\u2019accrobranche ou le v\u00e9lo, la piscine du g\u00eete n\u2019est qu\u2019\u00e0 quelques m\u00e8tres.<\/p>\n<p>[\/et_pb_text][\/et_pb_column][\/et_pb_row][\/et_pb_section]<\/p>\n","protected":false},"excerpt":{"rendered":"<p>Hameau \u00ab\u00a0Le Moulin\u00a0\u00bb \u00e0 Romeyer, au c\u0153ur du pays DioisL\u2019histoire de ce pays r\u00e9sistant, coutumier du contre-pouvoir et de r\u00e9sistance communiste est inscrit dans cet environnement. A la fois rude et apaisant, d\u00e9j\u00e0 Baronnies, encore Hautes Alpes et toujours Vercors, le Diois est charg\u00e9 d\u2019histoire et de caract\u00e8re. Au c\u0153ur du Diois, le petit village [&hellip;]<\/p>\n","protected":false},"author":1,"featured_media":0,"parent":0,"menu_order":0,"comment_status":"closed","ping_status":"closed","template":"","meta":{"_et_pb_use_builder":"on","_et_pb_old_content":"","_et_gb_content_width":"","footnotes":""},"class_list":["post-532","page","type-page","status-publish","hentry"],"yoast_head":"<!-- This site is optimized with the Yoast SEO plugin v20.4 - https:\/\/yoast.com\/wordpress\/plugins\/seo\/ -->\n<title>Le Pays Diois - G\u00eetes et Chalets Fialoux<\/title>\n<meta name=\"description\" content=\"Entre Vercors et Provence, les activit\u00e9s et l&#039;environnement des g\u00eetes Fialoux \u00e0 Romeyer, hameau Le Moulin, 5km de Die, au c\u0153ur du pays Diois\" \/>\n<meta name=\"robots\" content=\"index, follow, max-snippet:-1, max-image-preview:large, max-video-preview:-1\" \/>\n<link rel=\"canonical\" href=\"https:\/\/gites-fialoux-en-vercors.fr\/index.php\/le-pays-diois\/\" \/>\n<meta property=\"og:locale\" content=\"fr_FR\" \/>\n<meta property=\"og:type\" content=\"article\" \/>\n<meta property=\"og:title\" content=\"Le Pays Diois - G\u00eetes et Chalets Fialoux\" \/>\n<meta property=\"og:description\" content=\"Entre Vercors et Provence, les activit\u00e9s et l&#039;environnement des g\u00eetes Fialoux \u00e0 Romeyer, hameau Le Moulin, 5km de Die, au c\u0153ur du pays Diois\" \/>\n<meta property=\"og:url\" content=\"https:\/\/gites-fialoux-en-vercors.fr\/index.php\/le-pays-diois\/\" \/>\n<meta property=\"og:site_name\" content=\"G\u00eetes et Chalets Fialoux\" \/>\n<meta property=\"article:modified_time\" content=\"2023-05-08T07:00:37+00:00\" \/>\n<meta name=\"twitter:card\" content=\"summary_large_image\" \/>\n<meta name=\"twitter:label1\" content=\"Dur\u00e9e de lecture estim\u00e9e\" \/>\n\t<meta name=\"twitter:data1\" content=\"4 minutes\" \/>\n<script type=\"application\/ld+json\" class=\"yoast-schema-graph\">{\"@context\":\"https:\/\/schema.org\",\"@graph\":[{\"@type\":\"WebPage\",\"@id\":\"https:\/\/gites-fialoux-en-vercors.fr\/index.php\/le-pays-diois\/\",\"url\":\"https:\/\/gites-fialoux-en-vercors.fr\/index.php\/le-pays-diois\/\",\"name\":\"Le Pays Diois - G\u00eetes et Chalets Fialoux\",\"isPartOf\":{\"@id\":\"https:\/\/gites-fialoux-en-vercors.fr\/#website\"},\"datePublished\":\"2023-04-27T14:11:19+00:00\",\"dateModified\":\"2023-05-08T07:00:37+00:00\",\"description\":\"Entre Vercors et Provence, les activit\u00e9s et l'environnement des g\u00eetes Fialoux \u00e0 Romeyer, hameau Le Moulin, 5km de Die, au c\u0153ur du pays Diois\",\"breadcrumb\":{\"@id\":\"https:\/\/gites-fialoux-en-vercors.fr\/index.php\/le-pays-diois\/#breadcrumb\"},\"inLanguage\":\"fr-FR\",\"potentialAction\":[{\"@type\":\"ReadAction\",\"target\":[\"https:\/\/gites-fialoux-en-vercors.fr\/index.php\/le-pays-diois\/\"]}]},{\"@type\":\"BreadcrumbList\",\"@id\":\"https:\/\/gites-fialoux-en-vercors.fr\/index.php\/le-pays-diois\/#breadcrumb\",\"itemListElement\":[{\"@type\":\"ListItem\",\"position\":1,\"name\":\"Accueil\",\"item\":\"https:\/\/gites-fialoux-en-vercors.fr\/\"},{\"@type\":\"ListItem\",\"position\":2,\"name\":\"Le Pays Diois\"}]},{\"@type\":\"WebSite\",\"@id\":\"https:\/\/gites-fialoux-en-vercors.fr\/#website\",\"url\":\"https:\/\/gites-fialoux-en-vercors.fr\/\",\"name\":\"G\u00eetes et Chalets Fialoux\",\"description\":\"Les g\u00eetes et chalets de la ferme Fialoux\",\"publisher\":{\"@id\":\"https:\/\/gites-fialoux-en-vercors.fr\/#organization\"},\"potentialAction\":[{\"@type\":\"SearchAction\",\"target\":{\"@type\":\"EntryPoint\",\"urlTemplate\":\"https:\/\/gites-fialoux-en-vercors.fr\/?s={search_term_string}\"},\"query-input\":\"required name=search_term_string\"}],\"inLanguage\":\"fr-FR\"},{\"@type\":\"Organization\",\"@id\":\"https:\/\/gites-fialoux-en-vercors.fr\/#organization\",\"name\":\"G\u00eetes et Chalets Fialoux\",\"url\":\"https:\/\/gites-fialoux-en-vercors.fr\/\",\"logo\":{\"@type\":\"ImageObject\",\"inLanguage\":\"fr-FR\",\"@id\":\"https:\/\/gites-fialoux-en-vercors.fr\/#\/schema\/logo\/image\/\",\"url\":\"https:\/\/gites-fialoux-en-vercors.fr\/wp-content\/uploads\/2023\/03\/Logo-gites-de-france.png\",\"contentUrl\":\"https:\/\/gites-fialoux-en-vercors.fr\/wp-content\/uploads\/2023\/03\/Logo-gites-de-france.png\",\"width\":200,\"height\":201,\"caption\":\"G\u00eetes et Chalets Fialoux\"},\"image\":{\"@id\":\"https:\/\/gites-fialoux-en-vercors.fr\/#\/schema\/logo\/image\/\"}}]}<\/script>\n<!-- \/ Yoast SEO plugin. -->","yoast_head_json":{"title":"Le Pays Diois - G\u00eetes et Chalets Fialoux","description":"Entre Vercors et Provence, les activit\u00e9s et l'environnement des g\u00eetes Fialoux \u00e0 Romeyer, hameau Le Moulin, 5km de Die, au c\u0153ur du pays Diois","robots":{"index":"index","follow":"follow","max-snippet":"max-snippet:-1","max-image-preview":"max-image-preview:large","max-video-preview":"max-video-preview:-1"},"canonical":"https:\/\/gites-fialoux-en-vercors.fr\/index.php\/le-pays-diois\/","og_locale":"fr_FR","og_type":"article","og_title":"Le Pays Diois - G\u00eetes et Chalets Fialoux","og_description":"Entre Vercors et Provence, les activit\u00e9s et l'environnement des g\u00eetes Fialoux \u00e0 Romeyer, hameau Le Moulin, 5km de Die, au c\u0153ur du pays Diois","og_url":"https:\/\/gites-fialoux-en-vercors.fr\/index.php\/le-pays-diois\/","og_site_name":"G\u00eetes et Chalets Fialoux","article_modified_time":"2023-05-08T07:00:37+00:00","twitter_card":"summary_large_image","twitter_misc":{"Dur\u00e9e de lecture estim\u00e9e":"4 minutes"},"schema":{"@context":"https:\/\/schema.org","@graph":[{"@type":"WebPage","@id":"https:\/\/gites-fialoux-en-vercors.fr\/index.php\/le-pays-diois\/","url":"https:\/\/gites-fialoux-en-vercors.fr\/index.php\/le-pays-diois\/","name":"Le Pays Diois - G\u00eetes et Chalets Fialoux","isPartOf":{"@id":"https:\/\/gites-fialoux-en-vercors.fr\/#website"},"datePublished":"2023-04-27T14:11:19+00:00","dateModified":"2023-05-08T07:00:37+00:00","description":"Entre Vercors et Provence, les activit\u00e9s et l'environnement des g\u00eetes Fialoux \u00e0 Romeyer, hameau Le Moulin, 5km de Die, au c\u0153ur du pays Diois","breadcrumb":{"@id":"https:\/\/gites-fialoux-en-vercors.fr\/index.php\/le-pays-diois\/#breadcrumb"},"inLanguage":"fr-FR","potentialAction":[{"@type":"ReadAction","target":["https:\/\/gites-fialoux-en-vercors.fr\/index.php\/le-pays-diois\/"]}]},{"@type":"BreadcrumbList","@id":"https:\/\/gites-fialoux-en-vercors.fr\/index.php\/le-pays-diois\/#breadcrumb","itemListElement":[{"@type":"ListItem","position":1,"name":"Accueil","item":"https:\/\/gites-fialoux-en-vercors.fr\/"},{"@type":"ListItem","position":2,"name":"Le Pays Diois"}]},{"@type":"WebSite","@id":"https:\/\/gites-fialoux-en-vercors.fr\/#website","url":"https:\/\/gites-fialoux-en-vercors.fr\/","name":"G\u00eetes et Chalets Fialoux","description":"Les g\u00eetes et chalets de la ferme Fialoux","publisher":{"@id":"https:\/\/gites-fialoux-en-vercors.fr\/#organization"},"potentialAction":[{"@type":"SearchAction","target":{"@type":"EntryPoint","urlTemplate":"https:\/\/gites-fialoux-en-vercors.fr\/?s={search_term_string}"},"query-input":"required name=search_term_string"}],"inLanguage":"fr-FR"},{"@type":"Organization","@id":"https:\/\/gites-fialoux-en-vercors.fr\/#organization","name":"G\u00eetes et Chalets Fialoux","url":"https:\/\/gites-fialoux-en-vercors.fr\/","logo":{"@type":"ImageObject","inLanguage":"fr-FR","@id":"https:\/\/gites-fialoux-en-vercors.fr\/#\/schema\/logo\/image\/","url":"https:\/\/gites-fialoux-en-vercors.fr\/wp-content\/uploads\/2023\/03\/Logo-gites-de-france.png","contentUrl":"https:\/\/gites-fialoux-en-vercors.fr\/wp-content\/uploads\/2023\/03\/Logo-gites-de-france.png","width":200,"height":201,"caption":"G\u00eetes et Chalets Fialoux"},"image":{"@id":"https:\/\/gites-fialoux-en-vercors.fr\/#\/schema\/logo\/image\/"}}]}},"_links":{"self":[{"href":"https:\/\/gites-fialoux-en-vercors.fr\/index.php\/wp-json\/wp\/v2\/pages\/532","targetHints":{"allow":["GET"]}}],"collection":[{"href":"https:\/\/gites-fialoux-en-vercors.fr\/index.php\/wp-json\/wp\/v2\/pages"}],"about":[{"href":"https:\/\/gites-fialoux-en-vercors.fr\/index.php\/wp-json\/wp\/v2\/types\/page"}],"author":[{"embeddable":true,"href":"https:\/\/gites-fialoux-en-vercors.fr\/index.php\/wp-json\/wp\/v2\/users\/1"}],"replies":[{"embeddable":true,"href":"https:\/\/gites-fialoux-en-vercors.fr\/index.php\/wp-json\/wp\/v2\/comments?post=532"}],"version-history":[{"count":13,"href":"https:\/\/gites-fialoux-en-vercors.fr\/index.php\/wp-json\/wp\/v2\/pages\/532\/revisions"}],"predecessor-version":[{"id":596,"href":"https:\/\/gites-fialoux-en-vercors.fr\/index.php\/wp-json\/wp\/v2\/pages\/532\/revisions\/596"}],"wp:attachment":[{"href":"https:\/\/gites-fialoux-en-vercors.fr\/index.php\/wp-json\/wp\/v2\/media?parent=532"}],"curies":[{"name":"wp","href":"https:\/\/api.w.org\/{rel}","templated":true}]}}