{"id":516,"date":"2023-04-27T15:03:52","date_gmt":"2023-04-27T13:03:52","guid":{"rendered":"https:\/\/gites-fialoux-en-vercors.fr\/?page_id=516"},"modified":"2023-05-08T11:34:48","modified_gmt":"2023-05-08T09:34:48","slug":"conditions-generales-de-location","status":"publish","type":"page","link":"https:\/\/gites-fialoux-en-vercors.fr\/index.php\/conditions-generales-de-location\/","title":{"rendered":"Conditions g\u00e9n\u00e9rales de location"},"content":{"rendered":"<p>[et_pb_section fb_built=\u00a0\u00bb1&Prime; _builder_version=\u00a0\u00bb4.20.2&Prime; _module_preset=\u00a0\u00bbdefault\u00a0\u00bb custom_margin=\u00a0\u00bb0px||0px||false|false\u00a0\u00bb custom_padding=\u00a0\u00bb0px||0px||false|false\u00a0\u00bb global_colors_info=\u00a0\u00bb{}\u00a0\u00bb][et_pb_row _builder_version=\u00a0\u00bb4.20.2&Prime; _module_preset=\u00a0\u00bbdefault\u00a0\u00bb global_colors_info=\u00a0\u00bb{}\u00a0\u00bb][et_pb_column type=\u00a0\u00bb4_4&Prime; _builder_version=\u00a0\u00bb4.20.2&Prime; _module_preset=\u00a0\u00bbdefault\u00a0\u00bb global_colors_info=\u00a0\u00bb{}\u00a0\u00bb][et_pb_text _builder_version=\u00a0\u00bb4.20.2&Prime; _module_preset=\u00a0\u00bbdefault\u00a0\u00bb header_font=\u00a0\u00bb|600|||||||\u00a0\u00bb header_text_color=\u00a0\u00bb#9683EC\u00a0\u00bb header_2_font=\u00a0\u00bb|600|||||||\u00a0\u00bb header_2_text_color=\u00a0\u00bb#577590&Prime; header_2_font_size=\u00a0\u00bb20px\u00a0\u00bb global_colors_info=\u00a0\u00bb{}\u00a0\u00bb]<\/p>\n<h1 style=\"text-align: center;\">Conditions g\u00e9n\u00e9rales de location<\/h1>\n<p>[\/et_pb_text][\/et_pb_column][\/et_pb_row][et_pb_row column_structure=\u00a0\u00bb1_5,3_5,1_5&Prime; use_custom_gutter=\u00a0\u00bbon\u00a0\u00bb gutter_width=\u00a0\u00bb2&Prime; _builder_version=\u00a0\u00bb4.20.2&Prime; _module_preset=\u00a0\u00bbdefault\u00a0\u00bb width=\u00a0\u00bb95%\u00a0\u00bb max_width=\u00a0\u00bb2560px\u00a0\u00bb custom_padding=\u00a0\u00bb0px||||false|false\u00a0\u00bb global_colors_info=\u00a0\u00bb{}\u00a0\u00bb][et_pb_column type=\u00a0\u00bb1_5&Prime; _builder_version=\u00a0\u00bb4.20.2&Prime; _module_preset=\u00a0\u00bbdefault\u00a0\u00bb global_colors_info=\u00a0\u00bb{}\u00a0\u00bb][\/et_pb_column][et_pb_column type=\u00a0\u00bb3_5&Prime; _builder_version=\u00a0\u00bb4.20.2&Prime; _module_preset=\u00a0\u00bbdefault\u00a0\u00bb global_colors_info=\u00a0\u00bb{}\u00a0\u00bb][et_pb_text _builder_version=\u00a0\u00bb4.20.2&Prime; _module_preset=\u00a0\u00bbdefault\u00a0\u00bb custom_padding=\u00a0\u00bb|10%||10%|false|false\u00a0\u00bb global_colors_info=\u00a0\u00bb{}\u00a0\u00bb]<\/p>\n<p style=\"text-align: justify;\"><strong><u>COMMENT R\u00c9SERVER<\/u> :<\/strong><\/p>\n<p style=\"text-align: justify;\">Remplir le formulaire de r\u00e9servation sur notre site, accompagn\u00e9 du r\u00e8glement d\u2019un acompte de 30 % du s\u00e9jour, r\u00e9glable par carte bancaire.<br \/>Les r\u00e9servations sont du samedi 16h au samedi avant 10h et du vendredi 16h au dimanche avant 18h pour les week-ends \u00e0 2 jours et du vendredi 16h au lundi avant 18h pour les week-ends \u00e0 3 jours.<br \/>l&rsquo;accueil \u00e0 l&rsquo;arriv\u00e9e se fait sur le parking entre 16 et 18h. En cas d\u2019arriv\u00e9e tardive veuillez pr\u00e9venir du retard par SMS, WhatsApp ou mail.<\/p>\n<p style=\"text-align: justify;\"><strong><u>PAIEMENT DU S\u00c9JOUR<\/u> :<\/strong><\/p>\n<p style=\"text-align: justify;\">A r\u00e9ception de votre r\u00e9servation et de votre acompte, nous vous adresserons une confirmation de r\u00e9servation. Le solde est \u00e0 r\u00e9gler dans les conditions suivantes : Envoi de r\u00e8glement du solde par ch\u00e8que, au plus tard 2 semaines avant la date d\u2019arriv\u00e9e.<\/p>\n<p style=\"text-align: justify;\"><strong><u>NOMBRE DE PERSONNES\u00a0:<\/u><\/strong><\/p>\n<p style=\"text-align: justify;\">Aucune exception ne sera accord\u00e9e au-del\u00e0 du maximum autoris\u00e9 (6 personnes adultes et enfants confondus).<\/p>\n<p style=\"text-align: justify;\"><strong><u>ANNULATION\u00a0:<\/u><\/strong><\/p>\n<p style=\"text-align: justify;\">Plus de 30 jours avant votre date d\u2019arriv\u00e9e, l\u2019acompte sera retenu. Entre le 30e et le 1er jour, l\u2019acompte et le montant total du s\u00e9jour seront dus.<\/p>\n<p style=\"text-align: justify;\"><strong><u>ASSURANCE ANNULATION<\/u>\u00a0:<\/strong><\/p>\n<p style=\"text-align: justify;\">Elle est facultative, mais fortement conseill\u00e9e. Vous pouvez la demander aupr\u00e8s de votre assureur.<\/p>\n<p style=\"text-align: justify;\"><strong><u>TAXE DE S\u00c9JOUR<\/u><\/strong> :<\/p>\n<p style=\"text-align: justify;\">Elle est de 0.80 \u20ac par nuit et par personne \u00e0 partir de 13 ans \u00e0 r\u00e9gler \u00e0 l\u2019arriv\u00e9e \u00e0 l\u2019ordre du Tr\u00e9sor Public.<\/p>\n<p style=\"text-align: justify;\"><strong><u>ARRIV\u00c9E RETARD\u00c9E &#8211; D\u00c9PART ANTICIP\u00c9<\/u> :<\/strong><\/p>\n<p style=\"text-align: justify;\">En l\u2019absence d\u2019un courrier ou d\u2019un fax du locataire pr\u00e9cisant qu\u2019il a d\u00fb diff\u00e9rer ou annuler son arriv\u00e9e, la location devient disponible 24h00 apr\u00e8s la date d\u2019arriv\u00e9e pr\u00e9vue. L\u2019acompte et le montant du s\u00e9jour vers\u00e9s resteront acquis au Parc.<\/p>\n<p style=\"text-align: justify;\">Aucune r\u00e9duction ne sera consentie en cas d\u2019arriv\u00e9e tardive ou de d\u00e9part anticip\u00e9.<\/p>\n<p style=\"text-align: justify;\"><strong><u>CAUTION\u00a0:<\/u><\/strong><\/p>\n<p style=\"text-align: justify;\">Location : Une caution de 300\u20ac, devra \u00eatre vers\u00e9e par le locataire le jour de la remise des clefs et sera restitu\u00e9e le jour du d\u00e9part apr\u00e8s un \u00e9tat des lieux, sauf d\u00e9duction \u00e9ventuelle des frais de remise en \u00e9tat de l\u2019h\u00e9bergement et du remboursement du mat\u00e9riel manquant ou d\u00e9t\u00e9rior\u00e9.<br \/>Si la location n\u2019est pas rendue dans le meilleur \u00e9tat de propret\u00e9, les frais de m\u00e9nage seront retenus sur la caution.<br \/>Nota\u00a0: La caution ne constitue pas une limite de responsabilit\u00e9 du locataire.<\/p>\n<p style=\"text-align: justify;\"><strong><u>ANIMAUX<\/u>\u00a0:<\/strong><\/p>\n<p style=\"text-align: justify;\">\u00a0Ils ne doivent jamais \u00eatre laiss\u00e9s en libert\u00e9, ni \u00eatre laiss\u00e9s dans le Parc, m\u00eame enferm\u00e9s en l\u2019absence de leurs ma\u00eetres, qui en sont civilement responsables. Les chiens de 1re et 2e cat\u00e9gories sont interdits.<\/p>\n<p>[\/et_pb_text][\/et_pb_column][et_pb_column type=\u00a0\u00bb1_5&Prime; _builder_version=\u00a0\u00bb4.20.2&Prime; _module_preset=\u00a0\u00bbdefault\u00a0\u00bb global_colors_info=\u00a0\u00bb{}\u00a0\u00bb][\/et_pb_column][\/et_pb_row][\/et_pb_section]<\/p>\n","protected":false},"excerpt":{"rendered":"<p>Conditions g\u00e9n\u00e9rales de locationCOMMENT R\u00c9SERVER : Remplir le formulaire de r\u00e9servation sur notre site, accompagn\u00e9 du r\u00e8glement d\u2019un acompte de 30 % du s\u00e9jour, r\u00e9glable par carte bancaire.Les r\u00e9servations sont du samedi 16h au samedi avant 10h et du vendredi 16h au dimanche avant 18h pour les week-ends \u00e0 2 jours et du vendredi 16h [&hellip;]<\/p>\n","protected":false},"author":1,"featured_media":0,"parent":0,"menu_order":0,"comment_status":"closed","ping_status":"closed","template":"","meta":{"_et_pb_use_builder":"on","_et_pb_old_content":"","_et_gb_content_width":"","footnotes":""},"class_list":["post-516","page","type-page","status-publish","hentry"],"yoast_head":"<!-- This site is optimized with the Yoast SEO plugin v20.4 - https:\/\/yoast.com\/wordpress\/plugins\/seo\/ -->\n<title>Conditions g\u00e9n\u00e9rales de location - G\u00eetes et Chalets Fialoux<\/title>\n<meta name=\"robots\" content=\"index, follow, max-snippet:-1, max-image-preview:large, max-video-preview:-1\" \/>\n<link rel=\"canonical\" href=\"https:\/\/gites-fialoux-en-vercors.fr\/index.php\/conditions-generales-de-location\/\" \/>\n<meta property=\"og:locale\" content=\"fr_FR\" \/>\n<meta property=\"og:type\" content=\"article\" \/>\n<meta property=\"og:title\" content=\"Conditions g\u00e9n\u00e9rales de location - G\u00eetes et Chalets Fialoux\" \/>\n<meta property=\"og:description\" content=\"Conditions g\u00e9n\u00e9rales de locationCOMMENT R\u00c9SERVER : Remplir le formulaire de r\u00e9servation sur notre site, accompagn\u00e9 du r\u00e8glement d\u2019un acompte de 30 % du s\u00e9jour, r\u00e9glable par carte bancaire.Les r\u00e9servations sont du samedi 16h au samedi avant 10h et du vendredi 16h au dimanche avant 18h pour les week-ends \u00e0 2 jours et du vendredi 16h [&hellip;]\" \/>\n<meta property=\"og:url\" content=\"https:\/\/gites-fialoux-en-vercors.fr\/index.php\/conditions-generales-de-location\/\" \/>\n<meta property=\"og:site_name\" content=\"G\u00eetes et Chalets Fialoux\" \/>\n<meta property=\"article:modified_time\" content=\"2023-05-08T09:34:48+00:00\" \/>\n<meta name=\"twitter:card\" content=\"summary_large_image\" \/>\n<script type=\"application\/ld+json\" class=\"yoast-schema-graph\">{\"@context\":\"https:\/\/schema.org\",\"@graph\":[{\"@type\":\"WebPage\",\"@id\":\"https:\/\/gites-fialoux-en-vercors.fr\/index.php\/conditions-generales-de-location\/\",\"url\":\"https:\/\/gites-fialoux-en-vercors.fr\/index.php\/conditions-generales-de-location\/\",\"name\":\"Conditions g\u00e9n\u00e9rales de location - G\u00eetes et Chalets Fialoux\",\"isPartOf\":{\"@id\":\"https:\/\/gites-fialoux-en-vercors.fr\/#website\"},\"datePublished\":\"2023-04-27T13:03:52+00:00\",\"dateModified\":\"2023-05-08T09:34:48+00:00\",\"breadcrumb\":{\"@id\":\"https:\/\/gites-fialoux-en-vercors.fr\/index.php\/conditions-generales-de-location\/#breadcrumb\"},\"inLanguage\":\"fr-FR\",\"potentialAction\":[{\"@type\":\"ReadAction\",\"target\":[\"https:\/\/gites-fialoux-en-vercors.fr\/index.php\/conditions-generales-de-location\/\"]}]},{\"@type\":\"BreadcrumbList\",\"@id\":\"https:\/\/gites-fialoux-en-vercors.fr\/index.php\/conditions-generales-de-location\/#breadcrumb\",\"itemListElement\":[{\"@type\":\"ListItem\",\"position\":1,\"name\":\"Accueil\",\"item\":\"https:\/\/gites-fialoux-en-vercors.fr\/\"},{\"@type\":\"ListItem\",\"position\":2,\"name\":\"Conditions g\u00e9n\u00e9rales de location\"}]},{\"@type\":\"WebSite\",\"@id\":\"https:\/\/gites-fialoux-en-vercors.fr\/#website\",\"url\":\"https:\/\/gites-fialoux-en-vercors.fr\/\",\"name\":\"G\u00eetes et Chalets Fialoux\",\"description\":\"Les g\u00eetes et chalets de la ferme Fialoux\",\"publisher\":{\"@id\":\"https:\/\/gites-fialoux-en-vercors.fr\/#organization\"},\"potentialAction\":[{\"@type\":\"SearchAction\",\"target\":{\"@type\":\"EntryPoint\",\"urlTemplate\":\"https:\/\/gites-fialoux-en-vercors.fr\/?s={search_term_string}\"},\"query-input\":\"required name=search_term_string\"}],\"inLanguage\":\"fr-FR\"},{\"@type\":\"Organization\",\"@id\":\"https:\/\/gites-fialoux-en-vercors.fr\/#organization\",\"name\":\"G\u00eetes et Chalets Fialoux\",\"url\":\"https:\/\/gites-fialoux-en-vercors.fr\/\",\"logo\":{\"@type\":\"ImageObject\",\"inLanguage\":\"fr-FR\",\"@id\":\"https:\/\/gites-fialoux-en-vercors.fr\/#\/schema\/logo\/image\/\",\"url\":\"https:\/\/gites-fialoux-en-vercors.fr\/wp-content\/uploads\/2023\/03\/Logo-gites-de-france.png\",\"contentUrl\":\"https:\/\/gites-fialoux-en-vercors.fr\/wp-content\/uploads\/2023\/03\/Logo-gites-de-france.png\",\"width\":200,\"height\":201,\"caption\":\"G\u00eetes et Chalets Fialoux\"},\"image\":{\"@id\":\"https:\/\/gites-fialoux-en-vercors.fr\/#\/schema\/logo\/image\/\"}}]}<\/script>\n<!-- \/ Yoast SEO plugin. -->","yoast_head_json":{"title":"Conditions g\u00e9n\u00e9rales de location - G\u00eetes et Chalets Fialoux","robots":{"index":"index","follow":"follow","max-snippet":"max-snippet:-1","max-image-preview":"max-image-preview:large","max-video-preview":"max-video-preview:-1"},"canonical":"https:\/\/gites-fialoux-en-vercors.fr\/index.php\/conditions-generales-de-location\/","og_locale":"fr_FR","og_type":"article","og_title":"Conditions g\u00e9n\u00e9rales de location - G\u00eetes et Chalets Fialoux","og_description":"Conditions g\u00e9n\u00e9rales de locationCOMMENT R\u00c9SERVER : Remplir le formulaire de r\u00e9servation sur notre site, accompagn\u00e9 du r\u00e8glement d\u2019un acompte de 30 % du s\u00e9jour, r\u00e9glable par carte bancaire.Les r\u00e9servations sont du samedi 16h au samedi avant 10h et du vendredi 16h au dimanche avant 18h pour les week-ends \u00e0 2 jours et du vendredi 16h [&hellip;]","og_url":"https:\/\/gites-fialoux-en-vercors.fr\/index.php\/conditions-generales-de-location\/","og_site_name":"G\u00eetes et Chalets Fialoux","article_modified_time":"2023-05-08T09:34:48+00:00","twitter_card":"summary_large_image","schema":{"@context":"https:\/\/schema.org","@graph":[{"@type":"WebPage","@id":"https:\/\/gites-fialoux-en-vercors.fr\/index.php\/conditions-generales-de-location\/","url":"https:\/\/gites-fialoux-en-vercors.fr\/index.php\/conditions-generales-de-location\/","name":"Conditions g\u00e9n\u00e9rales de location - G\u00eetes et Chalets Fialoux","isPartOf":{"@id":"https:\/\/gites-fialoux-en-vercors.fr\/#website"},"datePublished":"2023-04-27T13:03:52+00:00","dateModified":"2023-05-08T09:34:48+00:00","breadcrumb":{"@id":"https:\/\/gites-fialoux-en-vercors.fr\/index.php\/conditions-generales-de-location\/#breadcrumb"},"inLanguage":"fr-FR","potentialAction":[{"@type":"ReadAction","target":["https:\/\/gites-fialoux-en-vercors.fr\/index.php\/conditions-generales-de-location\/"]}]},{"@type":"BreadcrumbList","@id":"https:\/\/gites-fialoux-en-vercors.fr\/index.php\/conditions-generales-de-location\/#breadcrumb","itemListElement":[{"@type":"ListItem","position":1,"name":"Accueil","item":"https:\/\/gites-fialoux-en-vercors.fr\/"},{"@type":"ListItem","position":2,"name":"Conditions g\u00e9n\u00e9rales de location"}]},{"@type":"WebSite","@id":"https:\/\/gites-fialoux-en-vercors.fr\/#website","url":"https:\/\/gites-fialoux-en-vercors.fr\/","name":"G\u00eetes et Chalets Fialoux","description":"Les g\u00eetes et chalets de la ferme Fialoux","publisher":{"@id":"https:\/\/gites-fialoux-en-vercors.fr\/#organization"},"potentialAction":[{"@type":"SearchAction","target":{"@type":"EntryPoint","urlTemplate":"https:\/\/gites-fialoux-en-vercors.fr\/?s={search_term_string}"},"query-input":"required name=search_term_string"}],"inLanguage":"fr-FR"},{"@type":"Organization","@id":"https:\/\/gites-fialoux-en-vercors.fr\/#organization","name":"G\u00eetes et Chalets Fialoux","url":"https:\/\/gites-fialoux-en-vercors.fr\/","logo":{"@type":"ImageObject","inLanguage":"fr-FR","@id":"https:\/\/gites-fialoux-en-vercors.fr\/#\/schema\/logo\/image\/","url":"https:\/\/gites-fialoux-en-vercors.fr\/wp-content\/uploads\/2023\/03\/Logo-gites-de-france.png","contentUrl":"https:\/\/gites-fialoux-en-vercors.fr\/wp-content\/uploads\/2023\/03\/Logo-gites-de-france.png","width":200,"height":201,"caption":"G\u00eetes et Chalets Fialoux"},"image":{"@id":"https:\/\/gites-fialoux-en-vercors.fr\/#\/schema\/logo\/image\/"}}]}},"_links":{"self":[{"href":"https:\/\/gites-fialoux-en-vercors.fr\/index.php\/wp-json\/wp\/v2\/pages\/516","targetHints":{"allow":["GET"]}}],"collection":[{"href":"https:\/\/gites-fialoux-en-vercors.fr\/index.php\/wp-json\/wp\/v2\/pages"}],"about":[{"href":"https:\/\/gites-fialoux-en-vercors.fr\/index.php\/wp-json\/wp\/v2\/types\/page"}],"author":[{"embeddable":true,"href":"https:\/\/gites-fialoux-en-vercors.fr\/index.php\/wp-json\/wp\/v2\/users\/1"}],"replies":[{"embeddable":true,"href":"https:\/\/gites-fialoux-en-vercors.fr\/index.php\/wp-json\/wp\/v2\/comments?post=516"}],"version-history":[{"count":5,"href":"https:\/\/gites-fialoux-en-vercors.fr\/index.php\/wp-json\/wp\/v2\/pages\/516\/revisions"}],"predecessor-version":[{"id":607,"href":"https:\/\/gites-fialoux-en-vercors.fr\/index.php\/wp-json\/wp\/v2\/pages\/516\/revisions\/607"}],"wp:attachment":[{"href":"https:\/\/gites-fialoux-en-vercors.fr\/index.php\/wp-json\/wp\/v2\/media?parent=516"}],"curies":[{"name":"wp","href":"https:\/\/api.w.org\/{rel}","templated":true}]}}