{"id":286,"date":"2023-04-02T14:52:48","date_gmt":"2023-04-02T12:52:48","guid":{"rendered":"https:\/\/gites-fialoux-en-vercors.fr\/?page_id=286"},"modified":"2024-06-18T10:10:06","modified_gmt":"2024-06-18T08:10:06","slug":"gite-le-peyrol","status":"publish","type":"page","link":"https:\/\/gites-fialoux-en-vercors.fr\/index.php\/gite-le-peyrol\/","title":{"rendered":"G\u00eete Le Peyrol"},"content":{"rendered":"<p>[et_pb_section fb_built=\u00a0\u00bb1&Prime; _builder_version=\u00a0\u00bb4.20.2&Prime; _module_preset=\u00a0\u00bbdefault\u00a0\u00bb custom_margin=\u00a0\u00bb0px||0px||false|false\u00a0\u00bb custom_padding=\u00a0\u00bb0px||0px||false|false\u00a0\u00bb global_colors_info=\u00a0\u00bb{}\u00a0\u00bb][et_pb_row _builder_version=\u00a0\u00bb4.20.2&Prime; _module_preset=\u00a0\u00bbdefault\u00a0\u00bb global_colors_info=\u00a0\u00bb{}\u00a0\u00bb][et_pb_column type=\u00a0\u00bb4_4&Prime; _builder_version=\u00a0\u00bb4.20.2&Prime; _module_preset=\u00a0\u00bbdefault\u00a0\u00bb global_colors_info=\u00a0\u00bb{}\u00a0\u00bb][et_pb_text _builder_version=\u00a0\u00bb4.20.2&Prime; _module_preset=\u00a0\u00bbdefault\u00a0\u00bb header_font=\u00a0\u00bb|600|||||||\u00a0\u00bb header_text_color=\u00a0\u00bb#9683EC\u00a0\u00bb header_2_font=\u00a0\u00bb|600|||||||\u00a0\u00bb header_2_text_color=\u00a0\u00bb#577590&Prime; header_2_font_size=\u00a0\u00bb20px\u00a0\u00bb global_colors_info=\u00a0\u00bb{}\u00a0\u00bb]<\/p>\n<h1 style=\"text-align: center;\">G\u00eete Le Peyrol<\/h1>\n<h2 style=\"text-align: center;\">70 m\u00b2 &#8211; 4 \u00e0 6 personnes<\/h2>\n<p>[\/et_pb_text][\/et_pb_column][\/et_pb_row][et_pb_row column_structure=\u00a0\u00bb1_2,1_2&Prime; use_custom_gutter=\u00a0\u00bbon\u00a0\u00bb gutter_width=\u00a0\u00bb2&Prime; _builder_version=\u00a0\u00bb4.20.2&Prime; _module_preset=\u00a0\u00bbdefault\u00a0\u00bb width=\u00a0\u00bb95%\u00a0\u00bb max_width=\u00a0\u00bb2560px\u00a0\u00bb global_colors_info=\u00a0\u00bb{}\u00a0\u00bb][et_pb_column type=\u00a0\u00bb1_2&Prime; _builder_version=\u00a0\u00bb4.20.2&Prime; _module_preset=\u00a0\u00bbdefault\u00a0\u00bb global_colors_info=\u00a0\u00bb{}\u00a0\u00bb][et_pb_text ul_type=\u00a0\u00bbsquare\u00a0\u00bb ul_position=\u00a0\u00bbinside\u00a0\u00bb ul_item_indent=\u00a0\u00bb20px\u00a0\u00bb _builder_version=\u00a0\u00bb4.20.2&Prime; _module_preset=\u00a0\u00bbdefault\u00a0\u00bb ul_font=\u00a0\u00bb||||||||\u00a0\u00bb header_2_font=\u00a0\u00bb|600|||||||\u00a0\u00bb header_2_text_color=\u00a0\u00bb#9683EC\u00a0\u00bb global_colors_info=\u00a0\u00bb{}\u00a0\u00bb]<\/p>\n<h2 style=\"text-align: center;\">D\u00e9tails et Tarifs<\/h2>\n<p style=\"text-align: justify;\">Situ\u00e9 dans une ancienne \u00e9curie, 1er \u00e9tage, <strong>Le Peyrol<\/strong> a une capacit\u00e9 de 4 \u00e0 6 personnes. Une petite terrasse o\u00f9 l\u2019on peut facilement prendre ses repas ou l\u00e9zarder au soleil permet de profiter du magnifique paysage environnant. La location inclut l\u2019acc\u00e8s \u00e0 la piscine.<\/p>\n<ul>\n<li>Un espace ouvert avec salle \u00e0 manger\/s\u00e9jour et cuisine<\/li>\n<li>Couchage de 2 chambres (1\u00d7140) (2\u00d790 ) plus 1 clic-clac dans le s\u00e9jour<\/li>\n<li>1 salle de bain avec douche, 1 WC ind\u00e9pendant.<\/li>\n<li>WIFI accessible sur la terrasse, le jardin et autour de la piscine.<br \/>Terrasse, acc\u00e8s partag\u00e9 aux jardins, parking, terrain de boules et piscine (6x12m)<\/li>\n<\/ul>\n<p style=\"text-align: justify;\"><strong>\u00c9quipements :<\/strong><\/p>\n<ul style=\"text-align: justify;\">\n<li>TV,<\/li>\n<li>r\u00e9frigirateur<\/li>\n<li>lave linge et lave vaisselle,<\/li>\n<li>gazini\u00e8re, four \u00e9lectrique, plancha \u00e9lectrique, micro-ondes<\/li>\n<\/ul>\n<p>[\/et_pb_text][et_pb_code _builder_version=\u00a0\u00bb4.20.2&Prime; _module_preset=\u00a0\u00bbdefault\u00a0\u00bb text_orientation=\u00a0\u00bbcenter\u00a0\u00bb width=\u00a0\u00bb100%\u00a0\u00bb global_colors_info=\u00a0\u00bb{}\u00a0\u00bb]\n<table id=\"tablepress-5\" class=\"tablepress tablepress-id-5\">\n<thead>\n<tr class=\"row-1 odd\">\n\t<th class=\"column-1\"><strong>Tarifs<\/strong><\/th><th class=\"column-2\"><\/th>\n<\/tr>\n<\/thead>\n<tbody>\n<tr class=\"row-2 even\">\n\t<td class=\"column-1\">2 nuits<\/td><td class=\"column-2\"><strong>200 \u20ac<\/strong><\/td>\n<\/tr>\n<tr class=\"row-3 odd\">\n\t<td class=\"column-1\">3 nuits<\/td><td class=\"column-2\"><strong>270 \u20ac<\/strong><\/td>\n<\/tr>\n<tr class=\"row-4 even\">\n\t<td class=\"column-1\">1 semaine basse saison<\/td><td class=\"column-2\"><strong>370 \u20ac<\/strong><\/td>\n<\/tr>\n<tr class=\"row-5 odd\">\n\t<td class=\"column-1\">1 semaine moyenne saison<br \/>\n(juin, septembre, vacances scolaires)<\/td><td class=\"column-2\"><strong>480 \u20ac<\/strong><\/td>\n<\/tr>\n<tr class=\"row-6 even\">\n\t<td class=\"column-1\">Juillet\/ao\u00fbt : 7 jours du samedi au samedi obligatoire<\/td><td class=\"column-2\"><strong>630\u20ac<\/strong><\/td>\n<\/tr>\n<\/tbody>\n<tfoot>\n<tr class=\"row-7 odd\">\n\t<th class=\"column-1\"><strong>Suppl\u00e9ment chiens<\/strong><\/th><th class=\"column-2\"><strong>20 \u20ac<\/strong><\/th>\n<\/tr>\n<\/tfoot>\n<\/table>\n<!-- #tablepress-5 from cache -->[\/et_pb_code][et_pb_text _builder_version=\u00a0\u00bb4.20.2&Prime; _module_preset=\u00a0\u00bbdefault\u00a0\u00bb header_3_font=\u00a0\u00bb|600|||||||\u00a0\u00bb header_3_text_color=\u00a0\u00bb#577590&Prime; header_3_font_size=\u00a0\u00bb18px\u00a0\u00bb global_colors_info=\u00a0\u00bb{}\u00a0\u00bb]<\/p>\n<div class=\"et_pb_module et_pb_text et_pb_text_8  et_pb_text_align_left et_pb_bg_layout_light\">\n<div class=\"et_pb_text_inner\">\n<ul>\n<li style=\"text-align: left;\"><strong>Possibilit\u00e9 de louer des draps (lit 1 personne 5 \u20ac, lit 2 personnes 10 \u20ac)<\/strong><\/li>\n<li style=\"text-align: left;\"><strong>Un paiement par carte bancaire de 30% d\u2019acompte vous sera demand\u00e9 lors de votre r\u00e9servation.<br \/>Vous recevrez un mail de rappel 15 jours avant votre arriv\u00e9e, pour le r\u00e8glement du solde de votre s\u00e9jour, avec un lien de paiement par carte bancaire sur notre site.<br \/>Un ch\u00e8que de caution (non encaiss\u00e9) de 300 \u20ac vous sera demand\u00e9 \u00e0 votre arriv\u00e9e.<\/strong><\/li>\n<li style=\"text-align: left;\"><strong>Tarifs hors taxe de s\u00e9jour.<\/strong><\/li>\n<li style=\"text-align: left;\"><strong>Annulation avec remboursement de l\u2019acompte possible jusqu\u2019\u00e0 30 jours avant l\u2019arriv\u00e9e pr\u00e9vue.<\/strong><\/li>\n<li style=\"text-align: left;\"><strong>Paiement s\u00e9curis\u00e9 avec notre partenaire Stripe<\/strong><\/li>\n<\/ul>\n<\/div>\n<\/div>\n<p>[\/et_pb_text][et_pb_image src=\u00a0\u00bbhttps:\/\/gites-fialoux-en-vercors.fr\/wp-content\/uploads\/2023\/05\/Logo-stripe.jpg\u00a0\u00bb title_text=\u00a0\u00bbLogo stripe\u00a0\u00bb align=\u00a0\u00bbcenter\u00a0\u00bb _builder_version=\u00a0\u00bb4.20.2&Prime; _module_preset=\u00a0\u00bbdefault\u00a0\u00bb width=\u00a0\u00bb40%\u00a0\u00bb global_colors_info=\u00a0\u00bb{}\u00a0\u00bb][\/et_pb_image][et_pb_text _builder_version=\u00a0\u00bb4.20.2&Prime; _module_preset=\u00a0\u00bbdefault\u00a0\u00bb text_text_color=\u00a0\u00bb#577590&Prime; header_2_font=\u00a0\u00bb|600|||||||\u00a0\u00bb header_2_text_color=\u00a0\u00bb#9683EC\u00a0\u00bb custom_padding=\u00a0\u00bb16px||||false|false\u00a0\u00bb hover_enabled=\u00a0\u00bb0&Prime; global_colors_info=\u00a0\u00bb{}\u00a0\u00bb sticky_enabled=\u00a0\u00bb0&Prime;]<\/p>\n<div class=\"wpb_text_column wpb_content_element \">\n<div class=\"wpb_wrapper\">\n<h2 style=\"text-align: center;\">Disponibilit\u00e9s et R\u00e9servation<\/h2>\n<\/div>\n<\/div>\n<div class=\"wpb_text_column wpb_content_element  vc_custom_1598625246632\">R\u00e9servation en ligne possible 48 h avant votre arriv\u00e9e. En cas de r\u00e9servation tardive, nous contacter.<br \/>Pour r\u00e9server, cliquer sur la date de d\u00e9but puis la date de d\u00e9part de votre s\u00e9jour et remplir le formulaire de r\u00e9servation, en oubliant pas de cocher la case d\u2019acceptation des Conditions G\u00e9n\u00e9rales de Location.<\/div>\n<div class=\"wpb_text_column wpb_content_element  vc_custom_1598625246632\"><strong>A l&rsquo;issue du paiement de l&rsquo;acompte, vous recevrez imm\u00e9diatement un mail de confirmation. En cas de probl\u00e8me de paiement ou non reception du mail de confirmation =&gt; Contactez nous<\/strong><\/div>\n<p>[\/et_pb_text][wpbs_divi_single_calendar id=\u00a0\u00bb7&Prime; form_id=\u00a0\u00bb5&Prime; title=\u00a0\u00bbno\u00a0\u00bb legend_position=\u00a0\u00bbtop\u00a0\u00bb display=\u00a0\u00bb2&Prime; history=\u00a0\u00bb3&Prime; show_date_selection=\u00a0\u00bbyes\u00a0\u00bb _builder_version=\u00a0\u00bb4.20.2&Prime; _module_preset=\u00a0\u00bbdefault\u00a0\u00bb global_colors_info=\u00a0\u00bb{}\u00a0\u00bb][\/wpbs_divi_single_calendar][\/et_pb_column][et_pb_column type=\u00a0\u00bb1_2&Prime; _builder_version=\u00a0\u00bb4.20.2&Prime; _module_preset=\u00a0\u00bbdefault\u00a0\u00bb global_colors_info=\u00a0\u00bb{}\u00a0\u00bb][et_pb_gallery gallery_ids=\u00a0\u00bb191,140,134,291,293,290,289,294&Prime; posts_number=\u00a0\u00bb12&Prime; show_title_and_caption=\u00a0\u00bboff\u00a0\u00bb _builder_version=\u00a0\u00bb4.20.2&Prime; _module_preset=\u00a0\u00bbdefault\u00a0\u00bb global_colors_info=\u00a0\u00bb{}\u00a0\u00bb][\/et_pb_gallery][\/et_pb_column][\/et_pb_row][\/et_pb_section]<\/p>\n","protected":false},"excerpt":{"rendered":"<p>G\u00eete Le Peyrol 70 m\u00b2 &#8211; 4 \u00e0 6 personnesD\u00e9tails et Tarifs Situ\u00e9 dans une ancienne \u00e9curie, 1er \u00e9tage, Le Peyrol a une capacit\u00e9 de 4 \u00e0 6 personnes. Une petite terrasse o\u00f9 l\u2019on peut facilement prendre ses repas ou l\u00e9zarder au soleil permet de profiter du magnifique paysage environnant. La location inclut l\u2019acc\u00e8s \u00e0 [&hellip;]<\/p>\n","protected":false},"author":1,"featured_media":0,"parent":0,"menu_order":0,"comment_status":"closed","ping_status":"closed","template":"","meta":{"_et_pb_use_builder":"on","_et_pb_old_content":"","_et_gb_content_width":"","footnotes":""},"class_list":["post-286","page","type-page","status-publish","hentry"],"yoast_head":"<!-- This site is optimized with the Yoast SEO plugin v20.4 - https:\/\/yoast.com\/wordpress\/plugins\/seo\/ -->\n<title>G\u00eete Le Peyrol - G\u00eetes et Chalets Fialoux<\/title>\n<meta name=\"description\" content=\"Entre Vercors et Provence, les g\u00eetes Fialoux proposent 1 g\u00eete de 70 m\u00b2 pour 6 places, avec piscine, \u00e0 Romeyer, 5km de Die, pays Diois\" \/>\n<meta name=\"robots\" content=\"index, follow, max-snippet:-1, max-image-preview:large, max-video-preview:-1\" \/>\n<link rel=\"canonical\" href=\"https:\/\/gites-fialoux-en-vercors.fr\/index.php\/gite-le-peyrol\/\" \/>\n<meta property=\"og:locale\" content=\"fr_FR\" \/>\n<meta property=\"og:type\" content=\"article\" \/>\n<meta property=\"og:title\" content=\"G\u00eete Le Peyrol - G\u00eetes et Chalets Fialoux\" \/>\n<meta property=\"og:description\" content=\"Entre Vercors et Provence, les g\u00eetes Fialoux proposent 1 g\u00eete de 70 m\u00b2 pour 6 places, avec piscine, \u00e0 Romeyer, 5km de Die, pays Diois\" \/>\n<meta property=\"og:url\" content=\"https:\/\/gites-fialoux-en-vercors.fr\/index.php\/gite-le-peyrol\/\" \/>\n<meta property=\"og:site_name\" content=\"G\u00eetes et Chalets Fialoux\" \/>\n<meta property=\"article:modified_time\" content=\"2024-06-18T08:10:06+00:00\" \/>\n<meta name=\"twitter:card\" content=\"summary_large_image\" \/>\n<meta name=\"twitter:label1\" content=\"Dur\u00e9e de lecture estim\u00e9e\" \/>\n\t<meta name=\"twitter:data1\" content=\"2 minutes\" \/>\n<script type=\"application\/ld+json\" class=\"yoast-schema-graph\">{\"@context\":\"https:\/\/schema.org\",\"@graph\":[{\"@type\":\"WebPage\",\"@id\":\"https:\/\/gites-fialoux-en-vercors.fr\/index.php\/gite-le-peyrol\/\",\"url\":\"https:\/\/gites-fialoux-en-vercors.fr\/index.php\/gite-le-peyrol\/\",\"name\":\"G\u00eete Le Peyrol - G\u00eetes et Chalets Fialoux\",\"isPartOf\":{\"@id\":\"https:\/\/gites-fialoux-en-vercors.fr\/#website\"},\"datePublished\":\"2023-04-02T12:52:48+00:00\",\"dateModified\":\"2024-06-18T08:10:06+00:00\",\"description\":\"Entre Vercors et Provence, les g\u00eetes Fialoux proposent 1 g\u00eete de 70 m\u00b2 pour 6 places, avec piscine, \u00e0 Romeyer, 5km de Die, pays Diois\",\"breadcrumb\":{\"@id\":\"https:\/\/gites-fialoux-en-vercors.fr\/index.php\/gite-le-peyrol\/#breadcrumb\"},\"inLanguage\":\"fr-FR\",\"potentialAction\":[{\"@type\":\"ReadAction\",\"target\":[\"https:\/\/gites-fialoux-en-vercors.fr\/index.php\/gite-le-peyrol\/\"]}]},{\"@type\":\"BreadcrumbList\",\"@id\":\"https:\/\/gites-fialoux-en-vercors.fr\/index.php\/gite-le-peyrol\/#breadcrumb\",\"itemListElement\":[{\"@type\":\"ListItem\",\"position\":1,\"name\":\"Accueil\",\"item\":\"https:\/\/gites-fialoux-en-vercors.fr\/\"},{\"@type\":\"ListItem\",\"position\":2,\"name\":\"G\u00eete Le Peyrol\"}]},{\"@type\":\"WebSite\",\"@id\":\"https:\/\/gites-fialoux-en-vercors.fr\/#website\",\"url\":\"https:\/\/gites-fialoux-en-vercors.fr\/\",\"name\":\"G\u00eetes et Chalets Fialoux\",\"description\":\"Les g\u00eetes et chalets de la ferme Fialoux\",\"publisher\":{\"@id\":\"https:\/\/gites-fialoux-en-vercors.fr\/#organization\"},\"potentialAction\":[{\"@type\":\"SearchAction\",\"target\":{\"@type\":\"EntryPoint\",\"urlTemplate\":\"https:\/\/gites-fialoux-en-vercors.fr\/?s={search_term_string}\"},\"query-input\":\"required name=search_term_string\"}],\"inLanguage\":\"fr-FR\"},{\"@type\":\"Organization\",\"@id\":\"https:\/\/gites-fialoux-en-vercors.fr\/#organization\",\"name\":\"G\u00eetes et Chalets Fialoux\",\"url\":\"https:\/\/gites-fialoux-en-vercors.fr\/\",\"logo\":{\"@type\":\"ImageObject\",\"inLanguage\":\"fr-FR\",\"@id\":\"https:\/\/gites-fialoux-en-vercors.fr\/#\/schema\/logo\/image\/\",\"url\":\"https:\/\/gites-fialoux-en-vercors.fr\/wp-content\/uploads\/2023\/03\/Logo-gites-de-france.png\",\"contentUrl\":\"https:\/\/gites-fialoux-en-vercors.fr\/wp-content\/uploads\/2023\/03\/Logo-gites-de-france.png\",\"width\":200,\"height\":201,\"caption\":\"G\u00eetes et Chalets Fialoux\"},\"image\":{\"@id\":\"https:\/\/gites-fialoux-en-vercors.fr\/#\/schema\/logo\/image\/\"}}]}<\/script>\n<!-- \/ Yoast SEO plugin. -->","yoast_head_json":{"title":"G\u00eete Le Peyrol - G\u00eetes et Chalets Fialoux","description":"Entre Vercors et Provence, les g\u00eetes Fialoux proposent 1 g\u00eete de 70 m\u00b2 pour 6 places, avec piscine, \u00e0 Romeyer, 5km de Die, pays Diois","robots":{"index":"index","follow":"follow","max-snippet":"max-snippet:-1","max-image-preview":"max-image-preview:large","max-video-preview":"max-video-preview:-1"},"canonical":"https:\/\/gites-fialoux-en-vercors.fr\/index.php\/gite-le-peyrol\/","og_locale":"fr_FR","og_type":"article","og_title":"G\u00eete Le Peyrol - G\u00eetes et Chalets Fialoux","og_description":"Entre Vercors et Provence, les g\u00eetes Fialoux proposent 1 g\u00eete de 70 m\u00b2 pour 6 places, avec piscine, \u00e0 Romeyer, 5km de Die, pays Diois","og_url":"https:\/\/gites-fialoux-en-vercors.fr\/index.php\/gite-le-peyrol\/","og_site_name":"G\u00eetes et Chalets Fialoux","article_modified_time":"2024-06-18T08:10:06+00:00","twitter_card":"summary_large_image","twitter_misc":{"Dur\u00e9e de lecture estim\u00e9e":"2 minutes"},"schema":{"@context":"https:\/\/schema.org","@graph":[{"@type":"WebPage","@id":"https:\/\/gites-fialoux-en-vercors.fr\/index.php\/gite-le-peyrol\/","url":"https:\/\/gites-fialoux-en-vercors.fr\/index.php\/gite-le-peyrol\/","name":"G\u00eete Le Peyrol - G\u00eetes et Chalets Fialoux","isPartOf":{"@id":"https:\/\/gites-fialoux-en-vercors.fr\/#website"},"datePublished":"2023-04-02T12:52:48+00:00","dateModified":"2024-06-18T08:10:06+00:00","description":"Entre Vercors et Provence, les g\u00eetes Fialoux proposent 1 g\u00eete de 70 m\u00b2 pour 6 places, avec piscine, \u00e0 Romeyer, 5km de Die, pays Diois","breadcrumb":{"@id":"https:\/\/gites-fialoux-en-vercors.fr\/index.php\/gite-le-peyrol\/#breadcrumb"},"inLanguage":"fr-FR","potentialAction":[{"@type":"ReadAction","target":["https:\/\/gites-fialoux-en-vercors.fr\/index.php\/gite-le-peyrol\/"]}]},{"@type":"BreadcrumbList","@id":"https:\/\/gites-fialoux-en-vercors.fr\/index.php\/gite-le-peyrol\/#breadcrumb","itemListElement":[{"@type":"ListItem","position":1,"name":"Accueil","item":"https:\/\/gites-fialoux-en-vercors.fr\/"},{"@type":"ListItem","position":2,"name":"G\u00eete Le Peyrol"}]},{"@type":"WebSite","@id":"https:\/\/gites-fialoux-en-vercors.fr\/#website","url":"https:\/\/gites-fialoux-en-vercors.fr\/","name":"G\u00eetes et Chalets Fialoux","description":"Les g\u00eetes et chalets de la ferme Fialoux","publisher":{"@id":"https:\/\/gites-fialoux-en-vercors.fr\/#organization"},"potentialAction":[{"@type":"SearchAction","target":{"@type":"EntryPoint","urlTemplate":"https:\/\/gites-fialoux-en-vercors.fr\/?s={search_term_string}"},"query-input":"required name=search_term_string"}],"inLanguage":"fr-FR"},{"@type":"Organization","@id":"https:\/\/gites-fialoux-en-vercors.fr\/#organization","name":"G\u00eetes et Chalets Fialoux","url":"https:\/\/gites-fialoux-en-vercors.fr\/","logo":{"@type":"ImageObject","inLanguage":"fr-FR","@id":"https:\/\/gites-fialoux-en-vercors.fr\/#\/schema\/logo\/image\/","url":"https:\/\/gites-fialoux-en-vercors.fr\/wp-content\/uploads\/2023\/03\/Logo-gites-de-france.png","contentUrl":"https:\/\/gites-fialoux-en-vercors.fr\/wp-content\/uploads\/2023\/03\/Logo-gites-de-france.png","width":200,"height":201,"caption":"G\u00eetes et Chalets Fialoux"},"image":{"@id":"https:\/\/gites-fialoux-en-vercors.fr\/#\/schema\/logo\/image\/"}}]}},"_links":{"self":[{"href":"https:\/\/gites-fialoux-en-vercors.fr\/index.php\/wp-json\/wp\/v2\/pages\/286","targetHints":{"allow":["GET"]}}],"collection":[{"href":"https:\/\/gites-fialoux-en-vercors.fr\/index.php\/wp-json\/wp\/v2\/pages"}],"about":[{"href":"https:\/\/gites-fialoux-en-vercors.fr\/index.php\/wp-json\/wp\/v2\/types\/page"}],"author":[{"embeddable":true,"href":"https:\/\/gites-fialoux-en-vercors.fr\/index.php\/wp-json\/wp\/v2\/users\/1"}],"replies":[{"embeddable":true,"href":"https:\/\/gites-fialoux-en-vercors.fr\/index.php\/wp-json\/wp\/v2\/comments?post=286"}],"version-history":[{"count":10,"href":"https:\/\/gites-fialoux-en-vercors.fr\/index.php\/wp-json\/wp\/v2\/pages\/286\/revisions"}],"predecessor-version":[{"id":871,"href":"https:\/\/gites-fialoux-en-vercors.fr\/index.php\/wp-json\/wp\/v2\/pages\/286\/revisions\/871"}],"wp:attachment":[{"href":"https:\/\/gites-fialoux-en-vercors.fr\/index.php\/wp-json\/wp\/v2\/media?parent=286"}],"curies":[{"name":"wp","href":"https:\/\/api.w.org\/{rel}","templated":true}]}}