{"id":832,"date":"2023-04-27T11:10:29","date_gmt":"2023-04-27T09:10:29","guid":{"rendered":"https:\/\/gites-fialoux-en-vercors.fr\/index.php\/rules-of-procedure\/"},"modified":"2023-12-08T10:48:02","modified_gmt":"2023-12-08T09:48:02","slug":"rules-of-procedure","status":"publish","type":"page","link":"https:\/\/gites-fialoux-en-vercors.fr\/en\/index.php\/rules-of-procedure\/","title":{"rendered":"Rules of procedure"},"content":{"rendered":"<p>[et_pb_section fb_built=&#8221;1&#8243; _builder_version=&#8221;4.20.2&#8243; _module_preset=&#8221;default&#8221; custom_margin=&#8221;0px||0px||false|false&#8221; custom_padding=&#8221;0px||0px||false|false&#8221; global_colors_info=&#8221;{}&#8221;][et_pb_row _builder_version=&#8221;4.20.2&#8243; _module_preset=&#8221;default&#8221; global_colors_info=&#8221;{}&#8221;][et_pb_column type=&#8221;4_4&#8243; _builder_version=&#8221;4.20.2&#8243; _module_preset=&#8221;default&#8221; global_colors_info=&#8221;{}&#8221;][et_pb_text _builder_version=&#8221;4.20.2&#8243; _module_preset=&#8221;default&#8221; header_font=&#8221;|600|||||||&#8221; header_text_color=&#8221;#9683EC&#8221; header_2_font=&#8221;|600|||||||&#8221; header_2_text_color=&#8221;#577590&#8243; header_2_font_size=&#8221;20px&#8221; global_colors_info=&#8221;{}&#8221;]<\/p>\n<h1 style=\"text-align: center;\">R\u00e8glement int\u00e9rieur du parc r\u00e9sidentiel de loisirs du Moulin<\/h1>\n<p>[\/et_pb_text][\/et_pb_column][\/et_pb_row][et_pb_row column_structure=&#8221;1_2,1_2&#8243; use_custom_gutter=&#8221;on&#8221; gutter_width=&#8221;2&#8243; _builder_version=&#8221;4.20.2&#8243; _module_preset=&#8221;default&#8221; width=&#8221;95%&#8221; max_width=&#8221;2560px&#8221; custom_padding=&#8221;0px||||false|false&#8221; global_colors_info=&#8221;{}&#8221;][et_pb_column type=&#8221;1_2&#8243; _builder_version=&#8221;4.20.2&#8243; _module_preset=&#8221;default&#8221; global_colors_info=&#8221;{}&#8221;][et_pb_text _builder_version=&#8221;4.20.2&#8243; _module_preset=&#8221;default&#8221; global_colors_info=&#8221;{}&#8221;]<\/p>\n<p><strong><u>I) CONDITIONS G<\/u><span style=\"text-decoration: underline;\">\u00c9<\/span><u>N<span style=\"text-decoration: underline;\">\u00c9<\/span>RALES<\/u><\/strong><\/p>\n<ol>\n<li style=\"text-align: justify;\"><em>Conditions d\u2019admissions<br \/><\/em>Pour \u00eatre admis \u00e0 p\u00e9n\u00e9trer, \u00e0 s\u2019installer, et \u00e0 s\u00e9journer sur le Parc R\u00e9sidentiel de loisirs, il faut y avoir \u00e9t\u00e9 autoris\u00e9 par le gestionnaire ou son repr\u00e9sentant. Il a pour obligation de veiller \u00e0 la bonne tenue et au bon ordre du terrain du Parc R\u00e9sidentiel de loisirs ainsi qu\u2019au respect de l\u2019application du pr\u00e9sent r\u00e8glement int\u00e9rieur.<br \/>Le fait de s\u00e9journer sur le Parc R\u00e9sidentiel de loisirs implique l\u2019acceptation des dispositions du pr\u00e9sent r\u00e8glement et l\u2019engagement de s\u2019y conformer.<\/li>\n<li style=\"text-align: justify;\"><em>Formalit\u00e9s de Police<br \/><\/em>Toute personne devant s\u00e9journer au moins une nuit dans le Parc R\u00e9sidentiel de Loisirs doit au pr\u00e9alable pr\u00e9senter au gestionnaire ou son repr\u00e9sentant ses pi\u00e8ces d\u2019identit\u00e9 et remplir les formalit\u00e9s exig\u00e9es par la police.<br \/>Les mineurs non accompagn\u00e9s de leurs parents ne seront admis qu\u2019avec une autorisation \u00e9crite de ceux-ci.<\/li>\n<li style=\"text-align: justify;\"><em>Accueil<br \/><\/em>L\u2019accueil se fera sur le parking entre 16 et 18h.<br \/>En cas d\u2019arriv\u00e9e tardive veuillez pr\u00e9venir du retard par SMS, WhatsApp ou mail.<br \/>En cas de d\u00e9part en dehors des heures, nous faisons l\u2019\u00e9tat des lieux apr\u00e8s le d\u00e9part et le ch\u00e8que de caution sera renvoy\u00e9 dans les 8 jours si le chalet est rendu en bon \u00e9tat.<\/li>\n<li style=\"text-align: justify;\"><em>Installation lors d\u2019une arriv\u00e9e<br \/><\/em>Toutes les formalit\u00e9s d\u2019admission se feront avant la mise \u00e0 disposition de l\u2019Habitation L\u00e9g\u00e8re de Loisir (versement de la caution, de la taxe de s\u00e9jour et du solde de la location). Le g\u00e9rant ou son repr\u00e9sentant indiqueront le num\u00e9ro du chalet \u00e0 l\u2019arriv\u00e9e.<\/li>\n<li style=\"text-align: justify;\"><em> <\/em><em>Redevances<br \/><\/em>Les redevances sont pay\u00e9es au g\u00e9rant. Leur montant fait l\u2019objet d\u2019un affichage \u00e0 l\u2019entr\u00e9e du Parc R\u00e9sidentiel de Loisirs. Elles sont dues selon le nombre de nuits pass\u00e9es, la saison, la p\u00e9riode, les options retenues, ainsi que le type de chalet occup\u00e9 sur le Parc R\u00e9sidentiel de Loisirs.<br \/>Les usagers de Parc R\u00e9sidentiel de loisirs sont invit\u00e9s \u00e0 pr\u00e9venir le g\u00e9rant ou son repr\u00e9sentant de leur d\u00e9part d\u00e8s la veille de celui-ci.<br \/>Les r\u00e9sidents ayant l\u2019intention de partir avant l\u2019heure pr\u00e9vue doivent le signaler la veille et devront convenir avec le g\u00e9rant ou son repr\u00e9sentant de la remise des cl\u00e9s et v\u00e9rifier qu\u2019ils ont bien tout r\u00e9gl\u00e9.<\/li>\n<li style=\"text-align: justify;\"><em>Bruits et silence<br \/><\/em>Les usagers du Parc R\u00e9sidentiel de Loisirs sont instamment pri\u00e9s d\u2019\u00e9viter tous les bruits et discussions qui pourraient g\u00eaner leurs voisins. Les appareils sonores doivent \u00eatre r\u00e9gl\u00e9s en cons\u00e9quence. Les fermetures de porti\u00e8res et de coffres des voitures doivent \u00eatre aussi discr\u00e8tes que possible.<br \/>Les chiens et autres animaux ne doivent jamais \u00eatre laiss\u00e9s en libert\u00e9 ni \u00eatre laiss\u00e9s au P.R.L, m\u00eame enferm\u00e9s en l\u2019absence de leurs ma\u00eetres qui en sont civilement responsables.<br \/>Le silence doit \u00eatre total entre 22 heures et 7 heures.<\/li>\n<li style=\"text-align: justify;\"><em>Visiteurs<br \/><\/em>Apr\u00e8s avoir \u00e9t\u00e9 autoris\u00e9s par le g\u00e9rant ou son repr\u00e9sentant, les visiteurs peuvent \u00eatre admis sous la responsabilit\u00e9 des r\u00e9sidents qui les re\u00e7oivent.<br \/>Les voitures des visiteurs sont interdites dans le PRL, elles doivent rester sur le parking pr\u00e9vu \u00e0 cet effet, \u00e0 l\u2019ext\u00e9rieur du site.<\/li>\n<li style=\"text-align: justify;\"><em>Circulation et stationnement des v\u00e9hicules<br \/><\/em>Les v\u00e9hicules doivent rouler au pas, <strong>\u00e0 10 km\/h maximum <\/strong>et se garer exclusivement sur le parking, \u00e0 l\u2019avant du site.<br \/>La voiture peut se rapprocher du chalet et stationner momentan\u00e9ment le long du chemin principal le temps de d\u00e9charger, le vendredi de 17 \u00e0 19 heures et le samedi de 9h30 \u00e0 19h. <strong> En dehors de ces heures il est interdit toute circulation dans un sens ou dans l\u2019autre sur le chemin des chalets.<br \/><\/strong>Sauf en cas d\u2019urgence, il est strictement interdit de rouler de nuit de 22h \u00e0 7h dans la zone des chalets ainsi que de rouler sur l\u2019herbe ou autre zone de terre v\u00e9g\u00e9tale. La plus grande prudence s\u2019impose \u00e0 ceux qui roulent \u00e0 l\u2019int\u00e9rieur du site m\u00eame pendant les cr\u00e9neaux horaires autoris\u00e9s.<\/li>\n<li style=\"text-align: justify;\"><em>Tenue et aspects des installations<br \/><\/em>Il est interdit de jeter des eaux us\u00e9es sur le sol ou dans les caniveaux. Les ordures m\u00e9nag\u00e8res, les d\u00e9chets de toute nature, les papiers doivent \u00eatre d\u00e9pos\u00e9s dans le local des poubelles pr\u00e9vu \u00e0 cet effet par la Mairie, situ\u00e9 \u00e0 l\u2019entr\u00e9e du village ou sur la route d\u00e9partementale en direction de Die.<br \/><strong>Chacun est tenu de s\u2019abstenir de toute action qui pourrait nuire \u00e0 la propret\u00e9, \u00e0 l\u2019hygi\u00e8ne, \u00e0 l\u2019aspect du PRL.<br \/><\/strong>Les plantations et les d\u00e9corations florales doivent \u00eatre respect\u00e9es. Il est interdit aux r\u00e9sidents de planter des clous dans les arbres, de couper des branches, et de ramasser les fruits des arbres.<br \/><strong>Toute d\u00e9gradation commise \u00e0 la v\u00e9g\u00e9tation, aux cl\u00f4tures (de la piscine), au terrain ou aux installations du PRL sera \u00e0 la charge de son auteur.<\/strong><\/li>\n<li style=\"text-align: justify;\"><strong> <\/strong><em>S\u00e9curit\u00e9 \u2013 Incendie<br \/><\/em>Les feux ouverts (bois, charbon, etc\u2026.) sont strictement interdits. Les r\u00e9chauds doivent \u00eatre maintenus en bon \u00e9tat de fonctionnement et ne pas \u00eatre utilis\u00e9s dans des conditions dangereuses.<br \/><strong>En cas d\u2019incendie aviser imm\u00e9diatement la direction. Les extincteurs (qui se trouvent dans le local piscine) sont utilisables en cas de n\u00e9cessit\u00e9.<\/strong><\/li>\n<li style=\"text-align: justify;\"><strong> <\/strong><em>Vol<br \/><\/em><strong>La direction n\u2019est en aucun cas responsable des vols commis \u00e0 l\u2019int\u00e9rieur du PRL.<\/strong><\/li>\n<li style=\"text-align: justify;\"><em>Jeux<br \/><\/em>Aucun jeu violent, ou g\u00eanant, ne peut \u00eatre organis\u00e9 \u00e0 proximit\u00e9 des installations. <strong>Les enfants<\/strong> <strong>devront toujours \u00eatre sous la surveillance de leurs parents<\/strong>.<br \/>Veuillez respecter les espaces verts et les plantes.<br \/>Toutes les activit\u00e9s ludiques doivent \u00eatre men\u00e9es de fa\u00e7on \u00e0 ne pas d\u00e9ranger les autres.<\/li>\n<\/ol>\n<p>[\/et_pb_text][\/et_pb_column][et_pb_column type=&#8221;1_2&#8243; _builder_version=&#8221;4.20.2&#8243; _module_preset=&#8221;default&#8221; global_colors_info=&#8221;{}&#8221;][et_pb_text _builder_version=&#8221;4.20.2&#8243; _module_preset=&#8221;default&#8221; global_colors_info=&#8221;{}&#8221;]<\/p>\n<ol start=\"13\">\n<li style=\"text-align: justify;\"><em>Affichage<br \/><\/em>Le pr\u00e9sent r\u00e8glement est affich\u00e9 \u00e0 l\u2019entr\u00e9e du PRL et peut \u00eatre remis au client \u00e0 sa demande.<\/li>\n<li style=\"text-align: justify;\"><em>Infraction au r\u00e8glement int\u00e9rieur<br \/><\/em><strong>Dans le cas o\u00f9 un r\u00e9sident perturberait le s\u00e9jour des autres usagers ou ne respecterait pas les dispositions du pr\u00e9sent r\u00e8glement int\u00e9rieur, le gestionnaire pourra oralement ou par \u00e9crit s\u2019il le juge n\u00e9cessaire, mettre en demeure ce dernier de cesser les troubles.<br \/>En cas d\u2019infraction grave ou r\u00e9p\u00e9t\u00e9e au r\u00e8glement int\u00e9rieur et apr\u00e8s mise en demeure par le gestionnaire de s\u2019y conformer, celui-ci pourra r\u00e9silier le contrat.<br \/>En cas d\u2019infraction p\u00e9nale, le gestionnaire pourra faire appel aux forces de l\u2019ordre.<\/strong><\/li>\n<\/ol>\n<p><strong> II) <\/strong><strong><u>CONDITIONS PARTICULI\u00c8RES<\/u><\/strong><\/p>\n<ol>\n<li style=\"text-align: justify;\"><em>Piscine<br \/><\/em><strong>L\u2019acc\u00e8s \u00e0 la piscine est ouvert de 10h \u00e0 20h. Pour les enfants, il se fait sous la responsabilit\u00e9 des parents. La baignade n\u2019est pas surveill\u00e9e. La profondeur du bassin atteint\u00a0 02m \u00e0 1.80 sous margelles en son point le plus bas.<br \/><\/strong>Il convient de ne fr\u00e9quenter la plage et surtout le bassin que si l\u2019on \u00a0peut le faire en toute s\u00e9curit\u00e9 et si l\u2019on est autoris\u00e9 \u00e0 le faire. Il est interdit de grimper aux barri\u00e8res. Il convient de respecter les consignes sur la plage\u00a0:<br \/><strong>Pas de chaussures, d\u2019animaux, de d\u00e9chets, de verre, d\u2019aliments, de cigarettes, l\u2019hygi\u00e8ne et la s\u00e9curit\u00e9 sont de rigueur. La douche prise dans le chalet est obligatoire avant la baignade. Les shorts, bermuda et produits solaires sont interdits. Il est interdit de chahuter dans l\u2019enceinte de la piscine, de se mettre ou de mettre les autres en danger. Il convient \u00e0 toute personne observant une situation anormale de le signaler sans d\u00e9lai \u00e0 la direction. La porte d\u2019acc\u00e8s \u00e0 la piscine doit rester ferm\u00e9e en permanence.<\/strong><\/li>\n<li style=\"text-align: justify;\"><em>Environnement et chalets<br \/><\/em><strong>Le Parc R\u00e9sidentiel de Loisirs du Moulin est dans le site naturel du Parc du Vercors. Pensez \u00e0 pr\u00e9server cet environnement en prenant garde de ne pas le polluer.<br \/>Quelques gestes simples pour pr\u00e9server notre environnement\u00a0:<\/strong><br \/>-En p\u00e9riode de chauffage, pensez \u00e0 couper le chauffage lorsque vous a\u00e9rez, baisser le chauffage lorsque vous partez, mettre le chauffage sur hors gel au moment du d\u00e9part.<br \/>&#8211; Lorsque vous quittez le chalet veuillez fermer les fen\u00eatres et v\u00e9rifier que toutes les lumi\u00e8res soient \u00e9teintes.<br \/>&#8211; Pour fermer la porte d\u2019entr\u00e9e \u00e0 cl\u00e9 il faut soulever \u00e0 fond la poign\u00e9e et tourner la cl\u00e9.<br \/>&#8211; Ne laissez pas couler l\u2019eau inutilement, l\u2019eau potable, c\u2019est une ressource rare\u00a0!<br \/>&#8211; Les gaspillages influencent n\u00e9cessairement le co\u00fbt du s\u00e9jour.<br \/>&#8211; Lorsque vous utilisez les plaques \u00e9lectriques veillez \u00e0 ce qu\u2019aucun objet ne soit pos\u00e9 sur les plaques avant de tourner le bouton du courant.<br \/>Pensez \u00e0 bien utiliser le courant en coupant la plaque \u00e9lectrique un peu avant la fin de la cuisson et en baissant le chauffage pendant la cuisson. Attention \u00e0 la surchauffe.<br \/>&#8211; Avant d\u2019utiliser le four\u00a0 v\u00e9rifiez qu\u2019il est vide, et pensez \u00e0 le couper apr\u00e8s vous en \u00eatre servi.<br \/>&#8211; Ne faites pas chauffer la cafeti\u00e8re \u00e0 vide. La casse du r\u00e9cipient est \u00e0 votre charge\u00a0!<br \/>&#8211; Par s\u00e9curit\u00e9 n\u2019utilisez pas d\u2019appareils d\u00e9fectueux.<br \/>&#8211; Un fer et une table \u00e0 repasser sont \u00e0 votre disposition. Veuillez les demander au propri\u00e9taire.<br \/>&#8211; Le soir, apr\u00e8s usage v\u00e9rifiez que la lumi\u00e8re ext\u00e9rieure est \u00e9teinte.<br \/>&#8211; Ne fumez pas \u00e0 l\u2019int\u00e9rieur du chalet.<br \/>&#8211; Ne jetez pas de cendres chaudes dans la poubelle. Les poubelles doivent \u00eatre d\u00e9pos\u00e9es dans les containers pr\u00e9vus \u00e0 cet effet, dans des sacs plastiques, pr\u00e8s de la route principale qui va au village.<br \/>&#8211; Les chiens doivent \u00eatre tenus en laisse, vaccin\u00e9s, assur\u00e9s, calmes et propres. Les d\u00e9jections doivent \u00eatre ramass\u00e9es par leur ma\u00eetre.<em><\/em><\/li>\n<\/ol>\n<p>&nbsp;<\/p>\n<p><strong>Le respect de ces r\u00e8gles est dans l\u2019int\u00e9r\u00eat de tous.<\/strong><\/p>\n<p><strong>\u00a0<\/strong><\/p>\n<p><strong>Nous vous souhaitons un agr\u00e9able s\u00e9jour.<\/strong><\/p>\n<p><strong>\u00a0<\/strong><\/p>\n<p><strong>\u00a0\u00a0\u00a0\u00a0\u00a0\u00a0\u00a0\u00a0\u00a0\u00a0\u00a0\u00a0\u00a0\u00a0\u00a0\u00a0\u00a0\u00a0\u00a0\u00a0\u00a0\u00a0\u00a0\u00a0\u00a0\u00a0\u00a0\u00a0\u00a0\u00a0\u00a0\u00a0\u00a0\u00a0\u00a0\u00a0\u00a0\u00a0\u00a0\u00a0\u00a0\u00a0\u00a0\u00a0\u00a0\u00a0\u00a0\u00a0\u00a0\u00a0\u00a0\u00a0\u00a0\u00a0\u00a0\u00a0\u00a0 <\/strong>La Direction<\/p>\n<p>[\/et_pb_text][\/et_pb_column][\/et_pb_row][\/et_pb_section]<\/p>\n","protected":false},"excerpt":{"rendered":"<p>R\u00e8glement int\u00e9rieur du parc r\u00e9sidentiel de loisirs du MoulinI) CONDITIONS G\u00c9N\u00c9RALES Conditions d\u2019admissionsPour \u00eatre admis \u00e0 p\u00e9n\u00e9trer, \u00e0 s\u2019installer, et \u00e0 s\u00e9journer sur le Parc R\u00e9sidentiel de loisirs, il faut y avoir \u00e9t\u00e9 autoris\u00e9 par le gestionnaire ou son repr\u00e9sentant. Il a pour obligation de veiller \u00e0 la bonne tenue et au bon ordre du [&hellip;]<\/p>\n","protected":false},"author":1,"featured_media":0,"parent":0,"menu_order":0,"comment_status":"closed","ping_status":"closed","template":"","meta":{"_et_pb_use_builder":"on","_et_pb_old_content":"","_et_gb_content_width":"","footnotes":""},"class_list":["post-832","page","type-page","status-publish","hentry"],"yoast_head":"<!-- This site is optimized with the Yoast SEO plugin v20.4 - https:\/\/yoast.com\/wordpress\/plugins\/seo\/ -->\n<title>Rules of procedure - G\u00eetes et Chalets Fialoux<\/title>\n<meta name=\"robots\" content=\"index, follow, max-snippet:-1, max-image-preview:large, max-video-preview:-1\" \/>\n<link rel=\"canonical\" href=\"https:\/\/gites-fialoux-en-vercors.fr\/en\/index.php\/rules-of-procedure\/\" \/>\n<meta property=\"og:locale\" content=\"en_US\" \/>\n<meta property=\"og:type\" content=\"article\" \/>\n<meta property=\"og:title\" content=\"Rules of procedure - G\u00eetes et Chalets Fialoux\" \/>\n<meta property=\"og:description\" content=\"R\u00e8glement int\u00e9rieur du parc r\u00e9sidentiel de loisirs du MoulinI) CONDITIONS G\u00c9N\u00c9RALES Conditions d\u2019admissionsPour \u00eatre admis \u00e0 p\u00e9n\u00e9trer, \u00e0 s\u2019installer, et \u00e0 s\u00e9journer sur le Parc R\u00e9sidentiel de loisirs, il faut y avoir \u00e9t\u00e9 autoris\u00e9 par le gestionnaire ou son repr\u00e9sentant. Il a pour obligation de veiller \u00e0 la bonne tenue et au bon ordre du [&hellip;]\" \/>\n<meta property=\"og:url\" content=\"https:\/\/gites-fialoux-en-vercors.fr\/en\/index.php\/rules-of-procedure\/\" \/>\n<meta property=\"og:site_name\" content=\"G\u00eetes et Chalets Fialoux\" \/>\n<meta property=\"article:modified_time\" content=\"2023-12-08T09:48:02+00:00\" \/>\n<meta name=\"twitter:card\" content=\"summary_large_image\" \/>\n<meta name=\"twitter:label1\" content=\"Est. reading time\" \/>\n\t<meta name=\"twitter:data1\" content=\"9 minutes\" \/>\n<script type=\"application\/ld+json\" class=\"yoast-schema-graph\">{\"@context\":\"https:\/\/schema.org\",\"@graph\":[{\"@type\":\"WebPage\",\"@id\":\"https:\/\/gites-fialoux-en-vercors.fr\/en\/index.php\/rules-of-procedure\/\",\"url\":\"https:\/\/gites-fialoux-en-vercors.fr\/en\/index.php\/rules-of-procedure\/\",\"name\":\"Rules of procedure - G\u00eetes et Chalets Fialoux\",\"isPartOf\":{\"@id\":\"https:\/\/gites-fialoux-en-vercors.fr\/en\/#website\"},\"datePublished\":\"2023-04-27T09:10:29+00:00\",\"dateModified\":\"2023-12-08T09:48:02+00:00\",\"breadcrumb\":{\"@id\":\"https:\/\/gites-fialoux-en-vercors.fr\/en\/index.php\/rules-of-procedure\/#breadcrumb\"},\"inLanguage\":\"en-US\",\"potentialAction\":[{\"@type\":\"ReadAction\",\"target\":[\"https:\/\/gites-fialoux-en-vercors.fr\/en\/index.php\/rules-of-procedure\/\"]}]},{\"@type\":\"BreadcrumbList\",\"@id\":\"https:\/\/gites-fialoux-en-vercors.fr\/en\/index.php\/rules-of-procedure\/#breadcrumb\",\"itemListElement\":[{\"@type\":\"ListItem\",\"position\":1,\"name\":\"Accueil\",\"item\":\"https:\/\/gites-fialoux-en-vercors.fr\/en\/\"},{\"@type\":\"ListItem\",\"position\":2,\"name\":\"Rules of procedure\"}]},{\"@type\":\"WebSite\",\"@id\":\"https:\/\/gites-fialoux-en-vercors.fr\/en\/#website\",\"url\":\"https:\/\/gites-fialoux-en-vercors.fr\/en\/\",\"name\":\"G\u00eetes et Chalets Fialoux\",\"description\":\"Les g\u00eetes et chalets de la ferme Fialoux\",\"publisher\":{\"@id\":\"https:\/\/gites-fialoux-en-vercors.fr\/en\/#organization\"},\"potentialAction\":[{\"@type\":\"SearchAction\",\"target\":{\"@type\":\"EntryPoint\",\"urlTemplate\":\"https:\/\/gites-fialoux-en-vercors.fr\/en\/?s={search_term_string}\"},\"query-input\":\"required name=search_term_string\"}],\"inLanguage\":\"en-US\"},{\"@type\":\"Organization\",\"@id\":\"https:\/\/gites-fialoux-en-vercors.fr\/en\/#organization\",\"name\":\"G\u00eetes et Chalets Fialoux\",\"url\":\"https:\/\/gites-fialoux-en-vercors.fr\/en\/\",\"logo\":{\"@type\":\"ImageObject\",\"inLanguage\":\"en-US\",\"@id\":\"https:\/\/gites-fialoux-en-vercors.fr\/en\/#\/schema\/logo\/image\/\",\"url\":\"https:\/\/gites-fialoux-en-vercors.fr\/wp-content\/uploads\/2023\/03\/Logo-gites-de-france.png\",\"contentUrl\":\"https:\/\/gites-fialoux-en-vercors.fr\/wp-content\/uploads\/2023\/03\/Logo-gites-de-france.png\",\"width\":200,\"height\":201,\"caption\":\"G\u00eetes et Chalets Fialoux\"},\"image\":{\"@id\":\"https:\/\/gites-fialoux-en-vercors.fr\/en\/#\/schema\/logo\/image\/\"}}]}<\/script>\n<!-- \/ Yoast SEO plugin. -->","yoast_head_json":{"title":"Rules of procedure - G\u00eetes et Chalets Fialoux","robots":{"index":"index","follow":"follow","max-snippet":"max-snippet:-1","max-image-preview":"max-image-preview:large","max-video-preview":"max-video-preview:-1"},"canonical":"https:\/\/gites-fialoux-en-vercors.fr\/en\/index.php\/rules-of-procedure\/","og_locale":"en_US","og_type":"article","og_title":"Rules of procedure - G\u00eetes et Chalets Fialoux","og_description":"R\u00e8glement int\u00e9rieur du parc r\u00e9sidentiel de loisirs du MoulinI) CONDITIONS G\u00c9N\u00c9RALES Conditions d\u2019admissionsPour \u00eatre admis \u00e0 p\u00e9n\u00e9trer, \u00e0 s\u2019installer, et \u00e0 s\u00e9journer sur le Parc R\u00e9sidentiel de loisirs, il faut y avoir \u00e9t\u00e9 autoris\u00e9 par le gestionnaire ou son repr\u00e9sentant. Il a pour obligation de veiller \u00e0 la bonne tenue et au bon ordre du [&hellip;]","og_url":"https:\/\/gites-fialoux-en-vercors.fr\/en\/index.php\/rules-of-procedure\/","og_site_name":"G\u00eetes et Chalets Fialoux","article_modified_time":"2023-12-08T09:48:02+00:00","twitter_card":"summary_large_image","twitter_misc":{"Est. reading time":"9 minutes"},"schema":{"@context":"https:\/\/schema.org","@graph":[{"@type":"WebPage","@id":"https:\/\/gites-fialoux-en-vercors.fr\/en\/index.php\/rules-of-procedure\/","url":"https:\/\/gites-fialoux-en-vercors.fr\/en\/index.php\/rules-of-procedure\/","name":"Rules of procedure - G\u00eetes et Chalets Fialoux","isPartOf":{"@id":"https:\/\/gites-fialoux-en-vercors.fr\/en\/#website"},"datePublished":"2023-04-27T09:10:29+00:00","dateModified":"2023-12-08T09:48:02+00:00","breadcrumb":{"@id":"https:\/\/gites-fialoux-en-vercors.fr\/en\/index.php\/rules-of-procedure\/#breadcrumb"},"inLanguage":"en-US","potentialAction":[{"@type":"ReadAction","target":["https:\/\/gites-fialoux-en-vercors.fr\/en\/index.php\/rules-of-procedure\/"]}]},{"@type":"BreadcrumbList","@id":"https:\/\/gites-fialoux-en-vercors.fr\/en\/index.php\/rules-of-procedure\/#breadcrumb","itemListElement":[{"@type":"ListItem","position":1,"name":"Accueil","item":"https:\/\/gites-fialoux-en-vercors.fr\/en\/"},{"@type":"ListItem","position":2,"name":"Rules of procedure"}]},{"@type":"WebSite","@id":"https:\/\/gites-fialoux-en-vercors.fr\/en\/#website","url":"https:\/\/gites-fialoux-en-vercors.fr\/en\/","name":"G\u00eetes et Chalets Fialoux","description":"Les g\u00eetes et chalets de la ferme Fialoux","publisher":{"@id":"https:\/\/gites-fialoux-en-vercors.fr\/en\/#organization"},"potentialAction":[{"@type":"SearchAction","target":{"@type":"EntryPoint","urlTemplate":"https:\/\/gites-fialoux-en-vercors.fr\/en\/?s={search_term_string}"},"query-input":"required name=search_term_string"}],"inLanguage":"en-US"},{"@type":"Organization","@id":"https:\/\/gites-fialoux-en-vercors.fr\/en\/#organization","name":"G\u00eetes et Chalets Fialoux","url":"https:\/\/gites-fialoux-en-vercors.fr\/en\/","logo":{"@type":"ImageObject","inLanguage":"en-US","@id":"https:\/\/gites-fialoux-en-vercors.fr\/en\/#\/schema\/logo\/image\/","url":"https:\/\/gites-fialoux-en-vercors.fr\/wp-content\/uploads\/2023\/03\/Logo-gites-de-france.png","contentUrl":"https:\/\/gites-fialoux-en-vercors.fr\/wp-content\/uploads\/2023\/03\/Logo-gites-de-france.png","width":200,"height":201,"caption":"G\u00eetes et Chalets Fialoux"},"image":{"@id":"https:\/\/gites-fialoux-en-vercors.fr\/en\/#\/schema\/logo\/image\/"}}]}},"_links":{"self":[{"href":"https:\/\/gites-fialoux-en-vercors.fr\/en\/index.php\/wp-json\/wp\/v2\/pages\/832","targetHints":{"allow":["GET"]}}],"collection":[{"href":"https:\/\/gites-fialoux-en-vercors.fr\/en\/index.php\/wp-json\/wp\/v2\/pages"}],"about":[{"href":"https:\/\/gites-fialoux-en-vercors.fr\/en\/index.php\/wp-json\/wp\/v2\/types\/page"}],"author":[{"embeddable":true,"href":"https:\/\/gites-fialoux-en-vercors.fr\/en\/index.php\/wp-json\/wp\/v2\/users\/1"}],"replies":[{"embeddable":true,"href":"https:\/\/gites-fialoux-en-vercors.fr\/en\/index.php\/wp-json\/wp\/v2\/comments?post=832"}],"version-history":[{"count":2,"href":"https:\/\/gites-fialoux-en-vercors.fr\/en\/index.php\/wp-json\/wp\/v2\/pages\/832\/revisions"}],"predecessor-version":[{"id":834,"href":"https:\/\/gites-fialoux-en-vercors.fr\/en\/index.php\/wp-json\/wp\/v2\/pages\/832\/revisions\/834"}],"wp:attachment":[{"href":"https:\/\/gites-fialoux-en-vercors.fr\/en\/index.php\/wp-json\/wp\/v2\/media?parent=832"}],"curies":[{"name":"wp","href":"https:\/\/api.w.org\/{rel}","templated":true}]}}